{"id":2215,"date":"2025-10-07T03:36:25","date_gmt":"2025-10-07T01:36:25","guid":{"rendered":"https:\/\/savanaunderwear.com\/?post_type=product&#038;p=2215"},"modified":"2026-04-18T12:20:30","modified_gmt":"2026-04-18T10:20:30","slug":"savana-varicocele-underwear-m07-sports-premium-mens-boxer-briefs-3-pack-monthly","status":"publish","type":"product","link":"https:\/\/savanaunderwear.com\/it\/prodotto\/savana-varicocele-biancheria-intima-m07-sport-premium-boxer-uomo-confezione-da-3-pezzi-mensile\/","title":{"rendered":"Savana Varicocele Underwear M07 Sports Premium Boxer da uomo in micromodal | Compressivi | Traspiranti | Rinfrescanti | Ideali per varicocele di grado 2+3 | Confezione da 3 | Mensile"},"content":{"rendered":"<h3>Savana Varicocele Intimo M07 Sport Premium Uomo Boxer Nuovi Micro Modal Mutande Boxer Uomo 3-Pack<\/h3>\n<ul>\n<li><strong>SAVANA M07 NUOVO MODELLO:<\/strong> I boxer SAVANA M07 vi offrono ancora pi\u00f9 compressione e sostegno nella vita di tutti i giorni. Il nuovo taglio compressivo, ancora migliore, migliora ulteriormente la circolazione sanguigna e riduce al minimo i sintomi. Gli M07 sono quindi particolarmente indicati per gli uomini con gradi di gravit\u00e0 pi\u00f9 elevati, durante lo sport e le uscite.<\/li>\n<li><strong>VESTIBILIT\u00c0 PERFETTA:<\/strong> I boxer SAVANA si ispirano alla struttura fisiologica dell'uomo. Il taglio ergonomico 3D e il materiale MicroModal garantiscono una vestibilit\u00e0 perfetta e il massimo comfort. Il design aiuta ad avere un aspetto sicuro e sexy.<\/li>\n<li><strong>MATERIALE TRASPIRANTE:<\/strong> La traspirabilit\u00e0 gioca un ruolo importante nei boxer da uomo per la fertilit\u00e0 e i livelli di testosterone. I boxer SAVANA offrono questa traspirabilit\u00e0. Perfetti per l'abbigliamento quotidiano, lo sport e le uscite.<\/li>\n<li><strong>MIGLIORE QUALIT\u00c0:<\/strong> Invece di offrirvi un boxer standard, abbiamo trascorso ben 9 mesi a sviluppare i boxer SAVANA per voi, combinando le migliori caratteristiche di oltre 20 diversi modelli di biancheria intima.<\/li>\n<li><strong>ESTREMAMENTE MORBIDO:<\/strong> Leggero come una piuma grazie al MicroModal, fresco sulla pelle e setoso al tatto. Ottimizzato per lo spazio personale maschile. Garantisce una sensazione di freschezza e benessere generale.<\/li>\n<li><b>SENZA SINTOMI:<\/b> Il taglio ergonomico 3D crea una leggera compressione. Riduce cos\u00ec i sintomi abituali della V. Particolarmente indicato durante la permanenza prolungata in piedi, lo sport e le uscite serali. Ideale per la gravit\u00e0 V 1-3.<\/li>\n<li><b>CHIRURGIA DEL VARICOCELE:<\/b>\u00a0Intimo per varicocele perfetto per evitare l'intervento chirurgico, ma anche una soluzione approvata per la preparazione e la cura post intervento. Fornisce un supporto ideale per il recupero dopo l'intervento di varicocele e riduce al minimo il rischio di recidiva.<\/li>\n<li><strong>SENZA GRATTARE I BIGLIETTI:<\/strong> La stampa interna delle informazioni sull'articolo, appositamente realizzata, evita il consueto fastidio tra la pelle e l'etichetta.<\/li>\n<\/ul>\n<p>&nbsp;<\/p>\n<p><strong>Tabella delle dimensioni<\/strong><\/p>\n<table style=\"height: 163px;\" width=\"312\">\n<tbody>\n<tr>\n<td style=\"text-align: center;\" width=\"65\">Dimensione<\/td>\n<td style=\"text-align: center;\" width=\"103\">Vita in pollici<\/td>\n<td style=\"text-align: center;\" width=\"105\">Vita in cm<\/td>\n<\/tr>\n<tr>\n<td style=\"text-align: center;\">S<\/td>\n<td style=\"text-align: center;\">28-30&#8243;<\/td>\n<td style=\"text-align: center;\">71-76 cm<\/td>\n<\/tr>\n<tr>\n<td style=\"text-align: center;\">M<\/td>\n<td style=\"text-align: center;\">32-34&#8243;<\/td>\n<td style=\"text-align: center;\">81-86 cm<\/td>\n<\/tr>\n<tr>\n<td style=\"text-align: center;\">L<\/td>\n<td style=\"text-align: center;\">36-38&#8243;<\/td>\n<td style=\"text-align: center;\">91-96 cm<\/td>\n<\/tr>\n<tr>\n<td style=\"text-align: center;\">XL<\/td>\n<td style=\"text-align: center;\">40-42&#8243;<\/td>\n<td style=\"text-align: center;\" width=\"105\">101-106 cm<\/td>\n<\/tr>\n<tr>\n<td style=\"text-align: center;\">XXL<\/td>\n<td style=\"text-align: center;\">44-46&#8243;<\/td>\n<td style=\"text-align: center;\">111-116 cm<\/td>\n<\/tr>\n<\/tbody>\n<\/table>\n<p>&nbsp;<\/p>\n<p><strong>Spedizione:<\/strong> 1-2 giorni lavorativi dopo la conferma dell'ordine.<\/p>\n<p><strong>Metodi di pagamento accettati:<\/strong> Stripe, carta di credito, PayPal, Apple e Google Pay.<\/p>\n<p><a href=\"https:\/\/varicocele-treatment.com\/shipping-policy\"><strong>Tempi di spedizione<\/strong><\/a><\/p>\n<p><strong>Venditore affidabile su Amazon<\/strong><\/p>\n<div data-src=\"https:\/\/cdn.trustindex.io\/loader.js?41da870331e70331c516cc41092\"><\/div>\n<div id=\"gtx-trans\" style=\"position: absolute; left: 921px; top: 289.516px;\">\n<div class=\"gtx-trans-icon\"><\/div>\n<\/div>","protected":false},"excerpt":{"rendered":"<h3 data-start=\"236\" data-end=\"279\">\ud83d\udc8e Programma fedelt\u00e0 Savana\ud83d\udc8e<\/h3>\n<p data-start=\"743\" data-end=\"860\"><em data-start=\"778\" data-end=\"858\">Solo per clienti che conoscono Savana e ne apprezzano il vero valore.<\/em><\/p>\n<h3 data-start=\"236\" data-end=\"279\"><strong data-start=\"243\" data-end=\"279\">Iscriviti e risparmia: i tuoi vantaggi<\/strong><\/h3>\n<p data-start=\"280\" data-end=\"555\">\u2705 <strong data-start=\"282\" data-end=\"306\">Risparmia 30% ogni mese<\/strong> \u2013 Miglior prezzo garantito<br data-start=\"330\" data-end=\"333\" \/>\u2705 <strong data-start=\"335\" data-end=\"356\">Spedizione prioritaria<\/strong> \u2013 Il tuo ordine viene imballato per primo<br data-start=\"387\" data-end=\"390\" \/>\u2705 <strong data-start=\"392\" data-end=\"419\">Cambia o metti in pausa in qualsiasi momento<\/strong> \u2013 Piena flessibilit\u00e0<br data-start=\"438\" data-end=\"441\" \/>\u2705 <strong data-start=\"443\" data-end=\"467\">Non rimanere mai pi\u00f9 senza<\/strong>\u00a0\u2013 Ricevi sempre in tempo<br data-start=\"489\" data-end=\"492\" \/>\u2705 <strong data-start=\"494\" data-end=\"518\">Pagamento rapido e facile<\/strong> \u2013 Dettagli di spedizione salvati<\/p>\n<hr \/>\n<p><strong>Tempi di spedizione:<\/strong> 2-3 giorni lavorativi dopo la conferma dell&#039;ordine.<\/p>\n<p><span style=\"color: #339966;\"><strong>Verr\u00e0 fornito il numero di tracciamento DHL.<\/strong><\/span><\/p>\n<div id=\"gtx-trans\" style=\"position: absolute; left: -37px; top: 369.516px;\">\n<div class=\"gtx-trans-icon\"><\/div>\n<\/div>","protected":false},"featured_media":311,"template":"","meta":{"ocean_post_layout":"full-width","ocean_both_sidebars_style":"","ocean_both_sidebars_content_width":0,"ocean_both_sidebars_sidebars_width":0,"ocean_sidebar":"0","ocean_second_sidebar":"0","ocean_disable_margins":"enable","ocean_add_body_class":"","ocean_shortcode_before_top_bar":"","ocean_shortcode_after_top_bar":"","ocean_shortcode_before_header":"","ocean_shortcode_after_header":"","ocean_has_shortcode":"","ocean_shortcode_after_title":"","ocean_shortcode_before_footer_widgets":"","ocean_shortcode_after_footer_widgets":"","ocean_shortcode_before_footer_bottom":"","ocean_shortcode_after_footer_bottom":"","ocean_display_top_bar":"default","ocean_display_header":"default","ocean_header_style":"","ocean_center_header_left_menu":"0","ocean_custom_header_template":"0","ocean_custom_logo":0,"ocean_custom_retina_logo":0,"ocean_custom_logo_max_width":0,"ocean_custom_logo_tablet_max_width":0,"ocean_custom_logo_mobile_max_width":0,"ocean_custom_logo_max_height":0,"ocean_custom_logo_tablet_max_height":0,"ocean_custom_logo_mobile_max_height":0,"ocean_header_custom_menu":"0","ocean_menu_typo_font_family":"0","ocean_menu_typo_font_subset":"","ocean_menu_typo_font_size":0,"ocean_menu_typo_font_size_tablet":0,"ocean_menu_typo_font_size_mobile":0,"ocean_menu_typo_font_size_unit":"px","ocean_menu_typo_font_weight":"","ocean_menu_typo_font_weight_tablet":"","ocean_menu_typo_font_weight_mobile":"","ocean_menu_typo_transform":"","ocean_menu_typo_transform_tablet":"","ocean_menu_typo_transform_mobile":"","ocean_menu_typo_line_height":0,"ocean_menu_typo_line_height_tablet":0,"ocean_menu_typo_line_height_mobile":0,"ocean_menu_typo_line_height_unit":"","ocean_menu_typo_spacing":0,"ocean_menu_typo_spacing_tablet":0,"ocean_menu_typo_spacing_mobile":0,"ocean_menu_typo_spacing_unit":"","ocean_menu_link_color":"","ocean_menu_link_color_hover":"","ocean_menu_link_color_active":"","ocean_menu_link_background":"","ocean_menu_link_hover_background":"","ocean_menu_link_active_background":"","ocean_menu_social_links_bg":"","ocean_menu_social_hover_links_bg":"","ocean_menu_social_links_color":"","ocean_menu_social_hover_links_color":"","ocean_disable_title":"on","ocean_disable_heading":"default","ocean_post_title":"","ocean_post_subheading":"","ocean_post_title_style":"","ocean_post_title_background_color":"","ocean_post_title_background":0,"ocean_post_title_bg_image_position":"","ocean_post_title_bg_image_attachment":"","ocean_post_title_bg_image_repeat":"","ocean_post_title_bg_image_size":"","ocean_post_title_height":0,"ocean_post_title_bg_overlay":0.5,"ocean_post_title_bg_overlay_color":"","ocean_disable_breadcrumbs":"default","ocean_breadcrumbs_color":"","ocean_breadcrumbs_separator_color":"","ocean_breadcrumbs_links_color":"","ocean_breadcrumbs_links_hover_color":"","ocean_display_footer_widgets":"default","ocean_display_footer_bottom":"default","ocean_custom_footer_template":"0"},"product_brand":[],"product_cat":[28,29,26],"product_tag":[],"class_list":{"0":"post-2215","1":"product","2":"type-product","3":"status-publish","4":"has-post-thumbnail","6":"product_cat-varicocele-boxer-briefs-2","7":"product_cat-varicocele-boxer-shorts","8":"product_cat-varicocele-underwear","9":"product_shipping_class-monthly","11":"entry","12":"has-media","14":"first","15":"instock","16":"sale","17":"shipping-taxable","18":"purchasable","19":"product-type-variable-subscription","20":"has-product-nav","21":"col","22":"span_1_of_4","23":"owp-content-center","24":"owp-thumbs-layout-horizontal","25":"owp-btn-normal","26":"owp-tabs-layout-horizontal"},"group_of_quantity":0,"min_quantity":0,"max_quantity":6,"exclude_order_quantity_value_rules":"no","exclude_category_quantity_rules":"no","combine_variations":"no","yoast_head":"<!-- This site is optimized with the Yoast SEO plugin v27.4 - https:\/\/yoast.com\/product\/yoast-seo-wordpress\/ -->\n<title>Savana Varicocele Underwear M07 Sports Premium Men&#039;s Boxer 3 Pack<\/title>\n<meta name=\"description\" content=\"Savana Varicocele Underwear M07 Sports Premium Men&#039;s Boxer Briefs Therapeutic Varicocele Boxershorts | Compressive | Breathable | Cooling\" \/>\n<meta name=\"robots\" content=\"index, follow, max-snippet:-1, max-image-preview:large, max-video-preview:-1\" \/>\n<link rel=\"canonical\" href=\"https:\/\/savanaunderwear.com\/it\/prodotto\/savana-varicocele-biancheria-intima-m07-sport-premium-boxer-uomo-confezione-da-3-pezzi-mensile\/\" \/>\n<meta property=\"og:locale\" content=\"it_IT\" \/>\n<meta property=\"og:type\" content=\"article\" \/>\n<meta property=\"og:title\" content=\"Savana Varicocele Underwear M07 Sports Premium Men&#039;s Boxer 3 Pack\" \/>\n<meta property=\"og:description\" content=\"Savana Varicocele Underwear M07 Sports Premium Men&#039;s Boxer Briefs Therapeutic Varicocele Boxershorts | Compressive | Breathable | Cooling\" \/>\n<meta property=\"og:url\" content=\"https:\/\/savanaunderwear.com\/it\/prodotto\/savana-varicocele-biancheria-intima-m07-sport-premium-boxer-uomo-confezione-da-3-pezzi-mensile\/\" \/>\n<meta property=\"og:site_name\" content=\"Savana Underwear\" \/>\n<meta property=\"article:publisher\" content=\"https:\/\/www.facebook.com\/savanaunderwear\" \/>\n<meta property=\"article:modified_time\" content=\"2026-04-18T10:20:30+00:00\" \/>\n<meta property=\"og:image\" content=\"https:\/\/savanaunderwear.com\/wp-content\/uploads\/2024\/09\/savana-underwear-m07-3-pieces.jpg\" \/>\n\t<meta property=\"og:image:width\" content=\"693\" \/>\n\t<meta property=\"og:image:height\" content=\"581\" \/>\n\t<meta property=\"og:image:type\" content=\"image\/jpeg\" \/>\n<meta name=\"twitter:card\" content=\"summary_large_image\" \/>\n<meta name=\"twitter:label1\" content=\"Tempo di lettura stimato\" \/>\n\t<meta name=\"twitter:data1\" content=\"2 minuti\" \/>\n<script type=\"application\/ld+json\" class=\"yoast-schema-graph\">{\"@context\":\"https:\\\/\\\/schema.org\",\"@graph\":[{\"@type\":\"WebPage\",\"@id\":\"https:\\\/\\\/savanaunderwear.com\\\/product\\\/savana-varicocele-underwear-m07-sports-premium-mens-boxer-briefs-3-pack-monthly\\\/\",\"url\":\"https:\\\/\\\/savanaunderwear.com\\\/product\\\/savana-varicocele-underwear-m07-sports-premium-mens-boxer-briefs-3-pack-monthly\\\/\",\"name\":\"Savana Varicocele Underwear M07 Sports Premium Men's Boxer 3 Pack\",\"isPartOf\":{\"@id\":\"https:\\\/\\\/savanaunderwear.com\\\/#website\"},\"primaryImageOfPage\":{\"@id\":\"https:\\\/\\\/savanaunderwear.com\\\/product\\\/savana-varicocele-underwear-m07-sports-premium-mens-boxer-briefs-3-pack-monthly\\\/#primaryimage\"},\"image\":{\"@id\":\"https:\\\/\\\/savanaunderwear.com\\\/product\\\/savana-varicocele-underwear-m07-sports-premium-mens-boxer-briefs-3-pack-monthly\\\/#primaryimage\"},\"thumbnailUrl\":\"https:\\\/\\\/savanaunderwear.com\\\/wp-content\\\/uploads\\\/2024\\\/09\\\/savana-underwear-m07-3-pieces.jpg\",\"datePublished\":\"2025-10-07T01:36:25+00:00\",\"dateModified\":\"2026-04-18T10:20:30+00:00\",\"description\":\"Savana Varicocele Underwear M07 Sports Premium Men's Boxer Briefs Therapeutic Varicocele Boxershorts | Compressive | Breathable | Cooling\",\"breadcrumb\":{\"@id\":\"https:\\\/\\\/savanaunderwear.com\\\/product\\\/savana-varicocele-underwear-m07-sports-premium-mens-boxer-briefs-3-pack-monthly\\\/#breadcrumb\"},\"inLanguage\":\"it-IT\",\"potentialAction\":[{\"@type\":\"ReadAction\",\"target\":[\"https:\\\/\\\/savanaunderwear.com\\\/product\\\/savana-varicocele-underwear-m07-sports-premium-mens-boxer-briefs-3-pack-monthly\\\/\"]}]},{\"@type\":\"ImageObject\",\"inLanguage\":\"it-IT\",\"@id\":\"https:\\\/\\\/savanaunderwear.com\\\/product\\\/savana-varicocele-underwear-m07-sports-premium-mens-boxer-briefs-3-pack-monthly\\\/#primaryimage\",\"url\":\"https:\\\/\\\/savanaunderwear.com\\\/wp-content\\\/uploads\\\/2024\\\/09\\\/savana-underwear-m07-3-pieces.jpg\",\"contentUrl\":\"https:\\\/\\\/savanaunderwear.com\\\/wp-content\\\/uploads\\\/2024\\\/09\\\/savana-underwear-m07-3-pieces.jpg\",\"width\":693,\"height\":581,\"caption\":\"savana-underwear-m07-3-pieces\"},{\"@type\":\"BreadcrumbList\",\"@id\":\"https:\\\/\\\/savanaunderwear.com\\\/product\\\/savana-varicocele-underwear-m07-sports-premium-mens-boxer-briefs-3-pack-monthly\\\/#breadcrumb\",\"itemListElement\":[{\"@type\":\"ListItem\",\"position\":1,\"name\":\"Home\",\"item\":\"https:\\\/\\\/savanaunderwear.com\\\/\"},{\"@type\":\"ListItem\",\"position\":2,\"name\":\"Shop\",\"item\":\"https:\\\/\\\/savanaunderwear.com\\\/shop\\\/\"},{\"@type\":\"ListItem\",\"position\":3,\"name\":\"Savana Varicocele Underwear M07 Sports Premium Men\u2019s Boxer Shorts Micro Modal | Compressive | Breathable | Cooling | Ideal for Varicocele Grade 2+3 | 3-Pack | Monthly\"}]},{\"@type\":\"WebSite\",\"@id\":\"https:\\\/\\\/savanaunderwear.com\\\/#website\",\"url\":\"https:\\\/\\\/savanaunderwear.com\\\/\",\"name\":\"Savana Underwear\",\"description\":\"Best Varicocele Underwear For Men\",\"publisher\":{\"@id\":\"https:\\\/\\\/savanaunderwear.com\\\/#organization\"},\"potentialAction\":[{\"@type\":\"SearchAction\",\"target\":{\"@type\":\"EntryPoint\",\"urlTemplate\":\"https:\\\/\\\/savanaunderwear.com\\\/?s={search_term_string}\"},\"query-input\":{\"@type\":\"PropertyValueSpecification\",\"valueRequired\":true,\"valueName\":\"search_term_string\"}}],\"inLanguage\":\"it-IT\"},{\"@type\":\"Organization\",\"@id\":\"https:\\\/\\\/savanaunderwear.com\\\/#organization\",\"name\":\"Savana Underwear\",\"url\":\"https:\\\/\\\/savanaunderwear.com\\\/\",\"logo\":{\"@type\":\"ImageObject\",\"inLanguage\":\"it-IT\",\"@id\":\"https:\\\/\\\/savanaunderwear.com\\\/#\\\/schema\\\/logo\\\/image\\\/\",\"url\":\"https:\\\/\\\/savanaunderwear.com\\\/wp-content\\\/uploads\\\/2024\\\/09\\\/cropped-Savana-Underwear-Logo-scaled-2.jpg\",\"contentUrl\":\"https:\\\/\\\/savanaunderwear.com\\\/wp-content\\\/uploads\\\/2024\\\/09\\\/cropped-Savana-Underwear-Logo-scaled-2.jpg\",\"width\":2560,\"height\":704,\"caption\":\"Savana Underwear\"},\"image\":{\"@id\":\"https:\\\/\\\/savanaunderwear.com\\\/#\\\/schema\\\/logo\\\/image\\\/\"},\"sameAs\":[\"https:\\\/\\\/www.facebook.com\\\/savanaunderwear\",\"https:\\\/\\\/www.instagram.com\\\/savanaunderwear\\\/\"]}]}<\/script>\n<!-- \/ Yoast SEO plugin. -->","yoast_head_json":{"title":"Savana Varicocele Underwear M07 Sports Premium Men's Boxer 3 Pack","description":"Savana Varicocele Underwear M07 Sports Premium Men's Boxer Briefs Therapeutic Varicocele Boxershorts | Compressive | Breathable | Cooling","robots":{"index":"index","follow":"follow","max-snippet":"max-snippet:-1","max-image-preview":"max-image-preview:large","max-video-preview":"max-video-preview:-1"},"canonical":"https:\/\/savanaunderwear.com\/it\/prodotto\/savana-varicocele-biancheria-intima-m07-sport-premium-boxer-uomo-confezione-da-3-pezzi-mensile\/","og_locale":"it_IT","og_type":"article","og_title":"Savana Varicocele Underwear M07 Sports Premium Men's Boxer 3 Pack","og_description":"Savana Varicocele Underwear M07 Sports Premium Men's Boxer Briefs Therapeutic Varicocele Boxershorts | Compressive | Breathable | Cooling","og_url":"https:\/\/savanaunderwear.com\/it\/prodotto\/savana-varicocele-biancheria-intima-m07-sport-premium-boxer-uomo-confezione-da-3-pezzi-mensile\/","og_site_name":"Savana Underwear","article_publisher":"https:\/\/www.facebook.com\/savanaunderwear","article_modified_time":"2026-04-18T10:20:30+00:00","og_image":[{"width":693,"height":581,"url":"https:\/\/savanaunderwear.com\/wp-content\/uploads\/2024\/09\/savana-underwear-m07-3-pieces.jpg","type":"image\/jpeg"}],"twitter_card":"summary_large_image","twitter_misc":{"Tempo di lettura stimato":"2 minuti"},"schema":{"@context":"https:\/\/schema.org","@graph":[{"@type":"WebPage","@id":"https:\/\/savanaunderwear.com\/product\/savana-varicocele-underwear-m07-sports-premium-mens-boxer-briefs-3-pack-monthly\/","url":"https:\/\/savanaunderwear.com\/product\/savana-varicocele-underwear-m07-sports-premium-mens-boxer-briefs-3-pack-monthly\/","name":"Savana Varicocele Underwear M07 Sports Premium Men's Boxer 3 Pack","isPartOf":{"@id":"https:\/\/savanaunderwear.com\/#website"},"primaryImageOfPage":{"@id":"https:\/\/savanaunderwear.com\/product\/savana-varicocele-underwear-m07-sports-premium-mens-boxer-briefs-3-pack-monthly\/#primaryimage"},"image":{"@id":"https:\/\/savanaunderwear.com\/product\/savana-varicocele-underwear-m07-sports-premium-mens-boxer-briefs-3-pack-monthly\/#primaryimage"},"thumbnailUrl":"https:\/\/savanaunderwear.com\/wp-content\/uploads\/2024\/09\/savana-underwear-m07-3-pieces.jpg","datePublished":"2025-10-07T01:36:25+00:00","dateModified":"2026-04-18T10:20:30+00:00","description":"Savana Varicocele Underwear M07 Sports Premium Men's Boxer Briefs Therapeutic Varicocele Boxershorts | Compressive | Breathable | Cooling","breadcrumb":{"@id":"https:\/\/savanaunderwear.com\/product\/savana-varicocele-underwear-m07-sports-premium-mens-boxer-briefs-3-pack-monthly\/#breadcrumb"},"inLanguage":"it-IT","potentialAction":[{"@type":"ReadAction","target":["https:\/\/savanaunderwear.com\/product\/savana-varicocele-underwear-m07-sports-premium-mens-boxer-briefs-3-pack-monthly\/"]}]},{"@type":"ImageObject","inLanguage":"it-IT","@id":"https:\/\/savanaunderwear.com\/product\/savana-varicocele-underwear-m07-sports-premium-mens-boxer-briefs-3-pack-monthly\/#primaryimage","url":"https:\/\/savanaunderwear.com\/wp-content\/uploads\/2024\/09\/savana-underwear-m07-3-pieces.jpg","contentUrl":"https:\/\/savanaunderwear.com\/wp-content\/uploads\/2024\/09\/savana-underwear-m07-3-pieces.jpg","width":693,"height":581,"caption":"savana-underwear-m07-3-pieces"},{"@type":"BreadcrumbList","@id":"https:\/\/savanaunderwear.com\/product\/savana-varicocele-underwear-m07-sports-premium-mens-boxer-briefs-3-pack-monthly\/#breadcrumb","itemListElement":[{"@type":"ListItem","position":1,"name":"Home","item":"https:\/\/savanaunderwear.com\/"},{"@type":"ListItem","position":2,"name":"Shop","item":"https:\/\/savanaunderwear.com\/shop\/"},{"@type":"ListItem","position":3,"name":"Savana Varicocele Underwear M07 Sports Premium Men\u2019s Boxer Shorts Micro Modal | Compressive | Breathable | Cooling | Ideal for Varicocele Grade 2+3 | 3-Pack | Monthly"}]},{"@type":"WebSite","@id":"https:\/\/savanaunderwear.com\/#website","url":"https:\/\/savanaunderwear.com\/","name":"Savana Underwear","description":"Best Varicocele Underwear For Men","publisher":{"@id":"https:\/\/savanaunderwear.com\/#organization"},"potentialAction":[{"@type":"SearchAction","target":{"@type":"EntryPoint","urlTemplate":"https:\/\/savanaunderwear.com\/?s={search_term_string}"},"query-input":{"@type":"PropertyValueSpecification","valueRequired":true,"valueName":"search_term_string"}}],"inLanguage":"it-IT"},{"@type":"Organization","@id":"https:\/\/savanaunderwear.com\/#organization","name":"Savana Underwear","url":"https:\/\/savanaunderwear.com\/","logo":{"@type":"ImageObject","inLanguage":"it-IT","@id":"https:\/\/savanaunderwear.com\/#\/schema\/logo\/image\/","url":"https:\/\/savanaunderwear.com\/wp-content\/uploads\/2024\/09\/cropped-Savana-Underwear-Logo-scaled-2.jpg","contentUrl":"https:\/\/savanaunderwear.com\/wp-content\/uploads\/2024\/09\/cropped-Savana-Underwear-Logo-scaled-2.jpg","width":2560,"height":704,"caption":"Savana Underwear"},"image":{"@id":"https:\/\/savanaunderwear.com\/#\/schema\/logo\/image\/"},"sameAs":["https:\/\/www.facebook.com\/savanaunderwear","https:\/\/www.instagram.com\/savanaunderwear\/"]}]}},"jetpack_sharing_enabled":true,"_links":{"self":[{"href":"https:\/\/savanaunderwear.com\/it\/wp-json\/wp\/v2\/product\/2215","targetHints":{"allow":["GET"]}}],"collection":[{"href":"https:\/\/savanaunderwear.com\/it\/wp-json\/wp\/v2\/product"}],"about":[{"href":"https:\/\/savanaunderwear.com\/it\/wp-json\/wp\/v2\/types\/product"}],"wp:featuredmedia":[{"embeddable":true,"href":"https:\/\/savanaunderwear.com\/it\/wp-json\/wp\/v2\/media\/311"}],"wp:attachment":[{"href":"https:\/\/savanaunderwear.com\/it\/wp-json\/wp\/v2\/media?parent=2215"}],"wp:term":[{"taxonomy":"product_brand","embeddable":true,"href":"https:\/\/savanaunderwear.com\/it\/wp-json\/wp\/v2\/product_brand?post=2215"},{"taxonomy":"product_cat","embeddable":true,"href":"https:\/\/savanaunderwear.com\/it\/wp-json\/wp\/v2\/product_cat?post=2215"},{"taxonomy":"product_tag","embeddable":true,"href":"https:\/\/savanaunderwear.com\/it\/wp-json\/wp\/v2\/product_tag?post=2215"}],"curies":[{"name":"wp","href":"https:\/\/api.w.org\/{rel}","templated":true}]}}