{"id":284,"date":"2024-09-11T03:14:55","date_gmt":"2024-09-11T01:14:55","guid":{"rendered":"https:\/\/savanaunderwear.org\/?post_type=product&#038;p=284"},"modified":"2026-04-18T12:20:00","modified_gmt":"2026-04-18T10:20:00","slug":"savana-varicocele-underwear-m07-sports-premium-mens-boxer-briefs-6-pack","status":"publish","type":"product","link":"https:\/\/savanaunderwear.com\/fr\/produit\/savana-varicocele-underwear-m07-sports-premium-mens-boxer-briefs-6-packs\/","title":{"rendered":"Sous-v\u00eatements Savana pour varicoc\u00e8le M07 Sports Premium Boxer pour homme en micro modal | Compression | Respirant | Rafra\u00eechissant | Id\u00e9al pour varicoc\u00e8le de grade 2 et 3 | Lot de 6"},"content":{"rendered":"<h3>Savana Varicocele Underwear M07 Premium Men Boxer Briefs New Micro Modal Underpants Boxer Briefs Men 6-Pack<\/h3>\n<ul>\n<li><strong>SAVANA M07 NOUVEAU MOD\u00c8LE :<\/strong> Le boxer SAVANA M07 vous apporte encore plus de compression et de soutien au quotidien. La nouvelle coupe encore plus compressive am\u00e9liore encore la circulation sanguine et r\u00e9duit les sympt\u00f4mes au minimum. Le M07 est donc particuli\u00e8rement adapt\u00e9 aux hommes souffrant d'un degr\u00e9 de gravit\u00e9 plus \u00e9lev\u00e9, pour le sport et les sorties.<\/li>\n<li><strong>UN AJUSTEMENT PARFAIT :<\/strong> Le cale\u00e7on SAVANA s'inspire de la structure physiologique de l'homme. La coupe ergonomique en 3D et la mati\u00e8re MicroModal assurent un ajustement parfait et un confort maximal. Le design vous aide \u00e0 avoir confiance en vous et \u00e0 \u00eatre sexy.<\/li>\n<li><strong>MAT\u00c9RIAU RESPIRANT :<\/strong> La respirabilit\u00e9 joue un r\u00f4le important dans les cale\u00e7ons pour hommes pour la fertilit\u00e9 et les niveaux de testost\u00e9rone. Les boxers SAVANA vous offrent cette respirabilit\u00e9. Parfait pour la vie de tous les jours, le sport et les sorties.<\/li>\n<li><strong>MEILLEURE QUALIT\u00c9 :<\/strong> Au lieu de vous proposer un boxer standard, nous avons pass\u00e9 9 mois \u00e0 d\u00e9velopper le SAVANA Boxer Briefs pour vous, en combinant les meilleures caract\u00e9ristiques de plus de 20 mod\u00e8les de sous-v\u00eatements diff\u00e9rents.<\/li>\n<li><strong>EXTR\u00caMEMENT DOUX :<\/strong> L\u00e9ger comme une plume gr\u00e2ce au MicroModal, il est frais sur la peau et soyeux au toucher. Optimis\u00e9 pour l'espace personnel des hommes. Procure une sensation de fra\u00eecheur, de sant\u00e9 et de bien-\u00eatre g\u00e9n\u00e9ral.<\/li>\n<li><b>SANS SYMPT\u00d4MES :<\/b> La coupe ergonomique en 3D cr\u00e9e une l\u00e9g\u00e8re compression. Elle r\u00e9duit ainsi les sympt\u00f4mes habituels du V. Particuli\u00e8rement adapt\u00e9 \u00e0 la station debout prolong\u00e9e, au sport et aux sorties en soir\u00e9e. Convient id\u00e9alement \u00e0 la gravit\u00e9 V 1-3.<\/li>\n<li><b>LA CHIRURGIE DE LA VARICOC\u00c8LE :<\/b>\u00a0Sous-v\u00eatements pour varicoc\u00e8le parfaits pour \u00e9viter une intervention chirurgicale, mais \u00e9galement une solution approuv\u00e9e pour la pr\u00e9paration et le suivi d'une intervention. Fournit un soutien id\u00e9al pour le r\u00e9tablissement apr\u00e8s une op\u00e9ration de la varicoc\u00e8le et minimise le risque de r\u00e9apparition.<\/li>\n<li><strong>SANS GRATTER LES TICKETS :<\/strong> L'impression int\u00e9rieure sp\u00e9cialement con\u00e7ue pour les informations sur l'article \u00e9vite la g\u00eane habituelle entre la peau et l'\u00e9tiquette.<\/li>\n<\/ul>\n<p>&nbsp;<\/p>\n<p><strong>Tableau des tailles<\/strong><\/p>\n<table style=\"height: 163px;\" width=\"312\">\n<tbody>\n<tr>\n<td style=\"text-align: center;\" width=\"65\">Taille<\/td>\n<td style=\"text-align: center;\" width=\"103\">Taille en pouces<\/td>\n<td style=\"text-align: center;\" width=\"105\">Taille en cm<\/td>\n<\/tr>\n<tr>\n<td style=\"text-align: center;\">S<\/td>\n<td style=\"text-align: center;\">24-26&#8243;<\/td>\n<td style=\"text-align: center;\">60-66cm<\/td>\n<\/tr>\n<tr>\n<td style=\"text-align: center;\">M<\/td>\n<td style=\"text-align: center;\">28-30&#8243;<\/td>\n<td style=\"text-align: center;\">71-76cm<\/td>\n<\/tr>\n<tr>\n<td style=\"text-align: center;\">L<\/td>\n<td style=\"text-align: center;\">32-34&#8243;<\/td>\n<td style=\"text-align: center;\">81-86cm<\/td>\n<\/tr>\n<tr>\n<td style=\"text-align: center;\">XL<\/td>\n<td style=\"text-align: center;\">36-38&#8243;<\/td>\n<td style=\"text-align: center;\" width=\"105\">91-96cm<\/td>\n<\/tr>\n<tr>\n<td style=\"text-align: center;\">XXL<\/td>\n<td style=\"text-align: center;\">40-42&#8243;<\/td>\n<td style=\"text-align: center;\">101-106cm<\/td>\n<\/tr>\n<\/tbody>\n<\/table>\n<p>&nbsp;<\/p>\n<p><strong>Exp\u00e9dition :<\/strong> 1 \u00e0 2 jours ouvrables apr\u00e8s confirmation de la commande.<\/p>\n<p><strong>Modes de paiement accept\u00e9s :<\/strong> Stripe, carte de cr\u00e9dit, PayPal, Apple et Google Pay.<\/p>\n<p><a href=\"https:\/\/varicocele-treatment.com\/shipping-policy\"><strong>D\u00e9lais d'exp\u00e9dition<\/strong><\/a><\/p>\n<p><strong>Vendeur de confiance sur Amazon<\/strong><\/p>\n<div data-src=\"https:\/\/cdn.trustindex.io\/loader.js?41da870331e70331c516cc41092\"><\/div>\n<div id=\"gtx-trans\" style=\"position: absolute; left: 909px; top: 337.516px;\">\n<div class=\"gtx-trans-icon\"><\/div>\n<\/div>","protected":false},"excerpt":{"rendered":"<h3>Savana Premium Cale\u00e7on boxeur pour hommes M07 Sports - paquet de 6<\/h3>\n<ul>\n<li>Nouveau mod\u00e8le : Meilleure compression, refroidissement maximal<\/li>\n<li>Id\u00e9alement adapt\u00e9 aux varicoc\u00e8les de grade 2 + 3<\/li>\n<li>Varicoc\u00e8le adapt\u00e9, refroidissant et l\u00e9g\u00e8rement compressif.<\/li>\n<li>Aide \u00e0 soulager les douleurs testiculaires, soulage la pression du p\u00e9nis sur les testicules.<\/li>\n<li>Tr\u00e8s agr\u00e9able \u00e0 porter, gr\u00e2ce \u00e0 une coupe parfaite et \u00e0 des tissus de qualit\u00e9.<\/li>\n<li>Disponible en diff\u00e9rentes tailles S, M, L, XL, XXL (voir tableau des tailles)<\/li>\n<li>Couleur : Noir<\/li>\n<li>Conseils d'entretien : 30 \u00b0C Lavage en machine<\/li>\n<li>Multipack de sous-v\u00eatements de haute qualit\u00e9 en Micro Modal<\/li>\n<\/ul>\n<hr \/>\n<p><strong>D\u00e9lai de livraison :<\/strong> 2-3 jours ouvrables apr\u00e8s confirmation de la commande.<\/p>\n<p><span style=\"color: #339966;\"><strong>Un num\u00e9ro de suivi DHL sera fourni.<\/strong><\/span><\/p>","protected":false},"featured_media":296,"template":"","meta":{"ocean_post_layout":"full-width","ocean_both_sidebars_style":"","ocean_both_sidebars_content_width":0,"ocean_both_sidebars_sidebars_width":0,"ocean_sidebar":"0","ocean_second_sidebar":"0","ocean_disable_margins":"enable","ocean_add_body_class":"","ocean_shortcode_before_top_bar":"","ocean_shortcode_after_top_bar":"","ocean_shortcode_before_header":"","ocean_shortcode_after_header":"","ocean_has_shortcode":"","ocean_shortcode_after_title":"","ocean_shortcode_before_footer_widgets":"","ocean_shortcode_after_footer_widgets":"","ocean_shortcode_before_footer_bottom":"","ocean_shortcode_after_footer_bottom":"","ocean_display_top_bar":"default","ocean_display_header":"default","ocean_header_style":"","ocean_center_header_left_menu":"0","ocean_custom_header_template":"0","ocean_custom_logo":0,"ocean_custom_retina_logo":0,"ocean_custom_logo_max_width":0,"ocean_custom_logo_tablet_max_width":0,"ocean_custom_logo_mobile_max_width":0,"ocean_custom_logo_max_height":0,"ocean_custom_logo_tablet_max_height":0,"ocean_custom_logo_mobile_max_height":0,"ocean_header_custom_menu":"0","ocean_menu_typo_font_family":"0","ocean_menu_typo_font_subset":"","ocean_menu_typo_font_size":0,"ocean_menu_typo_font_size_tablet":0,"ocean_menu_typo_font_size_mobile":0,"ocean_menu_typo_font_size_unit":"px","ocean_menu_typo_font_weight":"","ocean_menu_typo_font_weight_tablet":"","ocean_menu_typo_font_weight_mobile":"","ocean_menu_typo_transform":"","ocean_menu_typo_transform_tablet":"","ocean_menu_typo_transform_mobile":"","ocean_menu_typo_line_height":0,"ocean_menu_typo_line_height_tablet":0,"ocean_menu_typo_line_height_mobile":0,"ocean_menu_typo_line_height_unit":"","ocean_menu_typo_spacing":0,"ocean_menu_typo_spacing_tablet":0,"ocean_menu_typo_spacing_mobile":0,"ocean_menu_typo_spacing_unit":"","ocean_menu_link_color":"","ocean_menu_link_color_hover":"","ocean_menu_link_color_active":"","ocean_menu_link_background":"","ocean_menu_link_hover_background":"","ocean_menu_link_active_background":"","ocean_menu_social_links_bg":"","ocean_menu_social_hover_links_bg":"","ocean_menu_social_links_color":"","ocean_menu_social_hover_links_color":"","ocean_disable_title":"on","ocean_disable_heading":"default","ocean_post_title":"","ocean_post_subheading":"","ocean_post_title_style":"","ocean_post_title_background_color":"","ocean_post_title_background":0,"ocean_post_title_bg_image_position":"","ocean_post_title_bg_image_attachment":"","ocean_post_title_bg_image_repeat":"","ocean_post_title_bg_image_size":"","ocean_post_title_height":0,"ocean_post_title_bg_overlay":0.5,"ocean_post_title_bg_overlay_color":"","ocean_disable_breadcrumbs":"default","ocean_breadcrumbs_color":"","ocean_breadcrumbs_separator_color":"","ocean_breadcrumbs_links_color":"","ocean_breadcrumbs_links_hover_color":"","ocean_display_footer_widgets":"default","ocean_display_footer_bottom":"default","ocean_custom_footer_template":"0"},"product_brand":[],"product_cat":[28,29,26],"product_tag":[],"class_list":{"0":"post-284","1":"product","2":"type-product","3":"status-publish","4":"has-post-thumbnail","6":"product_cat-varicocele-boxer-briefs-2","7":"product_cat-varicocele-boxer-shorts","8":"product_cat-varicocele-underwear","9":"product_shipping_class-6-pack","11":"entry","12":"has-media","14":"first","15":"instock","16":"sale","17":"shipping-taxable","18":"purchasable","19":"product-type-variable","20":"has-product-nav","21":"col","22":"span_1_of_4","23":"owp-content-center","24":"owp-thumbs-layout-horizontal","25":"owp-btn-normal","26":"owp-tabs-layout-horizontal"},"group_of_quantity":0,"min_quantity":0,"max_quantity":4,"exclude_order_quantity_value_rules":"no","exclude_category_quantity_rules":"no","combine_variations":"no","yoast_head":"<!-- This site is optimized with the Yoast SEO plugin v27.5 - https:\/\/yoast.com\/product\/yoast-seo-wordpress\/ -->\n<title>Savana Varicocele Underwear M07 Sports Premium Men&#039;s Boxer 6 Pack<\/title>\n<meta name=\"description\" content=\"Savana Varicocele Underwear M07 Sports Premium Men&#039;s Boxer Briefs Therapeutic Varicocele Boxershorts | Compressive | Breathable | Cooling\" \/>\n<meta name=\"robots\" content=\"index, follow, max-snippet:-1, max-image-preview:large, max-video-preview:-1\" \/>\n<link rel=\"canonical\" href=\"https:\/\/savanaunderwear.com\/fr\/produit\/savana-varicocele-underwear-m07-sports-premium-mens-boxer-briefs-6-packs\/\" \/>\n<meta property=\"og:locale\" content=\"fr_FR\" \/>\n<meta property=\"og:type\" content=\"article\" \/>\n<meta property=\"og:title\" content=\"Savana Varicocele Underwear M07 Sports Premium Men&#039;s Boxer 6 Pack\" \/>\n<meta property=\"og:description\" content=\"Savana Varicocele Underwear M07 Sports Premium Men&#039;s Boxer Briefs Therapeutic Varicocele Boxershorts | Compressive | Breathable | Cooling\" \/>\n<meta property=\"og:url\" content=\"https:\/\/savanaunderwear.com\/fr\/produit\/savana-varicocele-underwear-m07-sports-premium-mens-boxer-briefs-6-packs\/\" \/>\n<meta property=\"og:site_name\" content=\"Savana Underwear\" \/>\n<meta property=\"article:publisher\" content=\"https:\/\/www.facebook.com\/savanaunderwear\" \/>\n<meta property=\"article:modified_time\" content=\"2026-04-18T10:20:00+00:00\" \/>\n<meta property=\"og:image\" content=\"https:\/\/savanaunderwear.com\/wp-content\/uploads\/2024\/09\/savana-underwear-m07-6-pieces-new.jpg\" \/>\n\t<meta property=\"og:image:width\" content=\"1003\" \/>\n\t<meta property=\"og:image:height\" content=\"841\" \/>\n\t<meta property=\"og:image:type\" content=\"image\/jpeg\" \/>\n<meta name=\"twitter:card\" content=\"summary_large_image\" \/>\n<meta name=\"twitter:label1\" content=\"Dur\u00e9e de lecture estim\u00e9e\" \/>\n\t<meta name=\"twitter:data1\" content=\"2 minutes\" \/>\n<script type=\"application\/ld+json\" class=\"yoast-schema-graph\">{\"@context\":\"https:\\\/\\\/schema.org\",\"@graph\":[{\"@type\":\"WebPage\",\"@id\":\"https:\\\/\\\/savanaunderwear.com\\\/product\\\/savana-varicocele-underwear-m07-sports-premium-mens-boxer-briefs-6-pack\\\/\",\"url\":\"https:\\\/\\\/savanaunderwear.com\\\/product\\\/savana-varicocele-underwear-m07-sports-premium-mens-boxer-briefs-6-pack\\\/\",\"name\":\"Savana Varicocele Underwear M07 Sports Premium Men's Boxer 6 Pack\",\"isPartOf\":{\"@id\":\"https:\\\/\\\/savanaunderwear.com\\\/#website\"},\"primaryImageOfPage\":{\"@id\":\"https:\\\/\\\/savanaunderwear.com\\\/product\\\/savana-varicocele-underwear-m07-sports-premium-mens-boxer-briefs-6-pack\\\/#primaryimage\"},\"image\":{\"@id\":\"https:\\\/\\\/savanaunderwear.com\\\/product\\\/savana-varicocele-underwear-m07-sports-premium-mens-boxer-briefs-6-pack\\\/#primaryimage\"},\"thumbnailUrl\":\"https:\\\/\\\/savanaunderwear.com\\\/wp-content\\\/uploads\\\/2024\\\/09\\\/savana-underwear-m07-6-pieces-new.jpg\",\"datePublished\":\"2024-09-11T01:14:55+00:00\",\"dateModified\":\"2026-04-18T10:20:00+00:00\",\"description\":\"Savana Varicocele Underwear M07 Sports Premium Men's Boxer Briefs Therapeutic Varicocele Boxershorts | Compressive | Breathable | Cooling\",\"breadcrumb\":{\"@id\":\"https:\\\/\\\/savanaunderwear.com\\\/product\\\/savana-varicocele-underwear-m07-sports-premium-mens-boxer-briefs-6-pack\\\/#breadcrumb\"},\"inLanguage\":\"fr-FR\",\"potentialAction\":[{\"@type\":\"ReadAction\",\"target\":[\"https:\\\/\\\/savanaunderwear.com\\\/product\\\/savana-varicocele-underwear-m07-sports-premium-mens-boxer-briefs-6-pack\\\/\"]}]},{\"@type\":\"ImageObject\",\"inLanguage\":\"fr-FR\",\"@id\":\"https:\\\/\\\/savanaunderwear.com\\\/product\\\/savana-varicocele-underwear-m07-sports-premium-mens-boxer-briefs-6-pack\\\/#primaryimage\",\"url\":\"https:\\\/\\\/savanaunderwear.com\\\/wp-content\\\/uploads\\\/2024\\\/09\\\/savana-underwear-m07-6-pieces-new.jpg\",\"contentUrl\":\"https:\\\/\\\/savanaunderwear.com\\\/wp-content\\\/uploads\\\/2024\\\/09\\\/savana-underwear-m07-6-pieces-new.jpg\",\"width\":1003,\"height\":841,\"caption\":\"savana-underwear-m07-6-pieces-new\"},{\"@type\":\"BreadcrumbList\",\"@id\":\"https:\\\/\\\/savanaunderwear.com\\\/product\\\/savana-varicocele-underwear-m07-sports-premium-mens-boxer-briefs-6-pack\\\/#breadcrumb\",\"itemListElement\":[{\"@type\":\"ListItem\",\"position\":1,\"name\":\"Home\",\"item\":\"https:\\\/\\\/savanaunderwear.com\\\/\"},{\"@type\":\"ListItem\",\"position\":2,\"name\":\"Shop\",\"item\":\"https:\\\/\\\/savanaunderwear.com\\\/shop\\\/\"},{\"@type\":\"ListItem\",\"position\":3,\"name\":\"Savana Varicocele Underwear M07 Sports Premium Men&#8217;s Boxer Shorts Micro Modal | Compressive | Breathable | Cooling | Ideal for Varicocele Grade 2+3 | 6-Pack\"}]},{\"@type\":\"WebSite\",\"@id\":\"https:\\\/\\\/savanaunderwear.com\\\/#website\",\"url\":\"https:\\\/\\\/savanaunderwear.com\\\/\",\"name\":\"Savana Underwear\",\"description\":\"Best Varicocele Underwear For Men\",\"publisher\":{\"@id\":\"https:\\\/\\\/savanaunderwear.com\\\/#organization\"},\"potentialAction\":[{\"@type\":\"SearchAction\",\"target\":{\"@type\":\"EntryPoint\",\"urlTemplate\":\"https:\\\/\\\/savanaunderwear.com\\\/?s={search_term_string}\"},\"query-input\":{\"@type\":\"PropertyValueSpecification\",\"valueRequired\":true,\"valueName\":\"search_term_string\"}}],\"inLanguage\":\"fr-FR\"},{\"@type\":\"Organization\",\"@id\":\"https:\\\/\\\/savanaunderwear.com\\\/#organization\",\"name\":\"Savana Underwear\",\"url\":\"https:\\\/\\\/savanaunderwear.com\\\/\",\"logo\":{\"@type\":\"ImageObject\",\"inLanguage\":\"fr-FR\",\"@id\":\"https:\\\/\\\/savanaunderwear.com\\\/#\\\/schema\\\/logo\\\/image\\\/\",\"url\":\"https:\\\/\\\/savanaunderwear.com\\\/wp-content\\\/uploads\\\/2024\\\/09\\\/cropped-Savana-Underwear-Logo-scaled-2.jpg\",\"contentUrl\":\"https:\\\/\\\/savanaunderwear.com\\\/wp-content\\\/uploads\\\/2024\\\/09\\\/cropped-Savana-Underwear-Logo-scaled-2.jpg\",\"width\":2560,\"height\":704,\"caption\":\"Savana Underwear\"},\"image\":{\"@id\":\"https:\\\/\\\/savanaunderwear.com\\\/#\\\/schema\\\/logo\\\/image\\\/\"},\"sameAs\":[\"https:\\\/\\\/www.facebook.com\\\/savanaunderwear\",\"https:\\\/\\\/www.instagram.com\\\/savanaunderwear\\\/\"]}]}<\/script>\n<!-- \/ Yoast SEO plugin. -->","yoast_head_json":{"title":"Savana Varicocele Underwear M07 Sports Premium Men's Boxer 6 Pack","description":"Savana Varicocele Underwear M07 Sports Premium Men's Boxer Briefs Therapeutic Varicocele Boxershorts | Compressive | Breathable | Cooling","robots":{"index":"index","follow":"follow","max-snippet":"max-snippet:-1","max-image-preview":"max-image-preview:large","max-video-preview":"max-video-preview:-1"},"canonical":"https:\/\/savanaunderwear.com\/fr\/produit\/savana-varicocele-underwear-m07-sports-premium-mens-boxer-briefs-6-packs\/","og_locale":"fr_FR","og_type":"article","og_title":"Savana Varicocele Underwear M07 Sports Premium Men's Boxer 6 Pack","og_description":"Savana Varicocele Underwear M07 Sports Premium Men's Boxer Briefs Therapeutic Varicocele Boxershorts | Compressive | Breathable | Cooling","og_url":"https:\/\/savanaunderwear.com\/fr\/produit\/savana-varicocele-underwear-m07-sports-premium-mens-boxer-briefs-6-packs\/","og_site_name":"Savana Underwear","article_publisher":"https:\/\/www.facebook.com\/savanaunderwear","article_modified_time":"2026-04-18T10:20:00+00:00","og_image":[{"width":1003,"height":841,"url":"https:\/\/savanaunderwear.com\/wp-content\/uploads\/2024\/09\/savana-underwear-m07-6-pieces-new.jpg","type":"image\/jpeg"}],"twitter_card":"summary_large_image","twitter_misc":{"Dur\u00e9e de lecture estim\u00e9e":"2 minutes"},"schema":{"@context":"https:\/\/schema.org","@graph":[{"@type":"WebPage","@id":"https:\/\/savanaunderwear.com\/product\/savana-varicocele-underwear-m07-sports-premium-mens-boxer-briefs-6-pack\/","url":"https:\/\/savanaunderwear.com\/product\/savana-varicocele-underwear-m07-sports-premium-mens-boxer-briefs-6-pack\/","name":"Savana Varicocele Underwear M07 Sports Premium Men's Boxer 6 Pack","isPartOf":{"@id":"https:\/\/savanaunderwear.com\/#website"},"primaryImageOfPage":{"@id":"https:\/\/savanaunderwear.com\/product\/savana-varicocele-underwear-m07-sports-premium-mens-boxer-briefs-6-pack\/#primaryimage"},"image":{"@id":"https:\/\/savanaunderwear.com\/product\/savana-varicocele-underwear-m07-sports-premium-mens-boxer-briefs-6-pack\/#primaryimage"},"thumbnailUrl":"https:\/\/savanaunderwear.com\/wp-content\/uploads\/2024\/09\/savana-underwear-m07-6-pieces-new.jpg","datePublished":"2024-09-11T01:14:55+00:00","dateModified":"2026-04-18T10:20:00+00:00","description":"Savana Varicocele Underwear M07 Sports Premium Men's Boxer Briefs Therapeutic Varicocele Boxershorts | Compressive | Breathable | Cooling","breadcrumb":{"@id":"https:\/\/savanaunderwear.com\/product\/savana-varicocele-underwear-m07-sports-premium-mens-boxer-briefs-6-pack\/#breadcrumb"},"inLanguage":"fr-FR","potentialAction":[{"@type":"ReadAction","target":["https:\/\/savanaunderwear.com\/product\/savana-varicocele-underwear-m07-sports-premium-mens-boxer-briefs-6-pack\/"]}]},{"@type":"ImageObject","inLanguage":"fr-FR","@id":"https:\/\/savanaunderwear.com\/product\/savana-varicocele-underwear-m07-sports-premium-mens-boxer-briefs-6-pack\/#primaryimage","url":"https:\/\/savanaunderwear.com\/wp-content\/uploads\/2024\/09\/savana-underwear-m07-6-pieces-new.jpg","contentUrl":"https:\/\/savanaunderwear.com\/wp-content\/uploads\/2024\/09\/savana-underwear-m07-6-pieces-new.jpg","width":1003,"height":841,"caption":"savana-underwear-m07-6-pieces-new"},{"@type":"BreadcrumbList","@id":"https:\/\/savanaunderwear.com\/product\/savana-varicocele-underwear-m07-sports-premium-mens-boxer-briefs-6-pack\/#breadcrumb","itemListElement":[{"@type":"ListItem","position":1,"name":"Home","item":"https:\/\/savanaunderwear.com\/"},{"@type":"ListItem","position":2,"name":"Shop","item":"https:\/\/savanaunderwear.com\/shop\/"},{"@type":"ListItem","position":3,"name":"Savana Varicocele Underwear M07 Sports Premium Men&#8217;s Boxer Shorts Micro Modal | Compressive | Breathable | Cooling | Ideal for Varicocele Grade 2+3 | 6-Pack"}]},{"@type":"WebSite","@id":"https:\/\/savanaunderwear.com\/#website","url":"https:\/\/savanaunderwear.com\/","name":"Savana Underwear","description":"Best Varicocele Underwear For Men","publisher":{"@id":"https:\/\/savanaunderwear.com\/#organization"},"potentialAction":[{"@type":"SearchAction","target":{"@type":"EntryPoint","urlTemplate":"https:\/\/savanaunderwear.com\/?s={search_term_string}"},"query-input":{"@type":"PropertyValueSpecification","valueRequired":true,"valueName":"search_term_string"}}],"inLanguage":"fr-FR"},{"@type":"Organization","@id":"https:\/\/savanaunderwear.com\/#organization","name":"Savana Underwear","url":"https:\/\/savanaunderwear.com\/","logo":{"@type":"ImageObject","inLanguage":"fr-FR","@id":"https:\/\/savanaunderwear.com\/#\/schema\/logo\/image\/","url":"https:\/\/savanaunderwear.com\/wp-content\/uploads\/2024\/09\/cropped-Savana-Underwear-Logo-scaled-2.jpg","contentUrl":"https:\/\/savanaunderwear.com\/wp-content\/uploads\/2024\/09\/cropped-Savana-Underwear-Logo-scaled-2.jpg","width":2560,"height":704,"caption":"Savana Underwear"},"image":{"@id":"https:\/\/savanaunderwear.com\/#\/schema\/logo\/image\/"},"sameAs":["https:\/\/www.facebook.com\/savanaunderwear","https:\/\/www.instagram.com\/savanaunderwear\/"]}]}},"jetpack_sharing_enabled":true,"_links":{"self":[{"href":"https:\/\/savanaunderwear.com\/fr\/wp-json\/wp\/v2\/product\/284","targetHints":{"allow":["GET"]}}],"collection":[{"href":"https:\/\/savanaunderwear.com\/fr\/wp-json\/wp\/v2\/product"}],"about":[{"href":"https:\/\/savanaunderwear.com\/fr\/wp-json\/wp\/v2\/types\/product"}],"wp:featuredmedia":[{"embeddable":true,"href":"https:\/\/savanaunderwear.com\/fr\/wp-json\/wp\/v2\/media\/296"}],"wp:attachment":[{"href":"https:\/\/savanaunderwear.com\/fr\/wp-json\/wp\/v2\/media?parent=284"}],"wp:term":[{"taxonomy":"product_brand","embeddable":true,"href":"https:\/\/savanaunderwear.com\/fr\/wp-json\/wp\/v2\/product_brand?post=284"},{"taxonomy":"product_cat","embeddable":true,"href":"https:\/\/savanaunderwear.com\/fr\/wp-json\/wp\/v2\/product_cat?post=284"},{"taxonomy":"product_tag","embeddable":true,"href":"https:\/\/savanaunderwear.com\/fr\/wp-json\/wp\/v2\/product_tag?post=284"}],"curies":[{"name":"wp","href":"https:\/\/api.w.org\/{rel}","templated":true}]}}