{"id":200,"date":"2024-09-10T11:52:45","date_gmt":"2024-09-10T09:52:45","guid":{"rendered":"https:\/\/savanaunderwear.org\/?page_id=200"},"modified":"2025-10-07T03:27:22","modified_gmt":"2025-10-07T01:27:22","slug":"returns-and-exchanges","status":"publish","type":"page","link":"https:\/\/savanaunderwear.com\/fr\/retours-et-echanges\/","title":{"rendered":"Retours et \u00e9changes"},"content":{"rendered":"<div data-elementor-type=\"wp-page\" data-elementor-id=\"200\" class=\"elementor elementor-200\" data-elementor-post-type=\"page\">\n\t\t\t\t\t\t<section class=\"elementor-section elementor-top-section elementor-element elementor-element-5a456b84 elementor-section-boxed elementor-section-height-default elementor-section-height-default\" data-id=\"5a456b84\" data-element_type=\"section\" data-e-type=\"section\">\n\t\t\t\t\t\t<div class=\"elementor-container elementor-column-gap-default\">\n\t\t\t\t\t<div class=\"elementor-column elementor-col-100 elementor-top-column elementor-element elementor-element-39a2b81e\" data-id=\"39a2b81e\" data-element_type=\"column\" data-e-type=\"column\">\n\t\t\t<div class=\"elementor-widget-wrap elementor-element-populated\">\n\t\t\t\t\t\t<div class=\"elementor-element elementor-element-7f2dc52d elementor-widget elementor-widget-spacer\" data-id=\"7f2dc52d\" data-element_type=\"widget\" data-e-type=\"widget\" data-widget_type=\"spacer.default\">\n\t\t\t\t<div class=\"elementor-widget-container\">\n\t\t\t\t\t\t\t<div class=\"elementor-spacer\">\n\t\t\t<div class=\"elementor-spacer-inner\"><\/div>\n\t\t<\/div>\n\t\t\t\t\t\t<\/div>\n\t\t\t\t<\/div>\n\t\t\t\t<div class=\"elementor-element elementor-element-74890ad5 elementor-widget elementor-widget-heading\" data-id=\"74890ad5\" data-element_type=\"widget\" data-e-type=\"widget\" data-widget_type=\"heading.default\">\n\t\t\t\t<div class=\"elementor-widget-container\">\n\t\t\t\t\t<h1 class=\"elementor-heading-title elementor-size-xl\">Retours et \u00e9changes<\/h1>\t\t\t\t<\/div>\n\t\t\t\t<\/div>\n\t\t\t\t<div class=\"elementor-element elementor-element-1b9125b8 elementor-widget elementor-widget-spacer\" data-id=\"1b9125b8\" data-element_type=\"widget\" data-e-type=\"widget\" data-widget_type=\"spacer.default\">\n\t\t\t\t<div class=\"elementor-widget-container\">\n\t\t\t\t\t\t\t<div class=\"elementor-spacer\">\n\t\t\t<div class=\"elementor-spacer-inner\"><\/div>\n\t\t<\/div>\n\t\t\t\t\t\t<\/div>\n\t\t\t\t<\/div>\n\t\t\t\t<div class=\"elementor-element elementor-element-f8027bd elementor-widget elementor-widget-heading\" data-id=\"f8027bd\" data-element_type=\"widget\" data-e-type=\"widget\" data-widget_type=\"heading.default\">\n\t\t\t\t<div class=\"elementor-widget-container\">\n\t\t\t\t\t<h2 class=\"elementor-heading-title elementor-size-large\">Sur ce site, vous trouverez nos informations sur les retours et les \u00e9changes.<\/h2>\t\t\t\t<\/div>\n\t\t\t\t<\/div>\n\t\t\t\t<div class=\"elementor-element elementor-element-483ef4b3 elementor-widget elementor-widget-spacer\" data-id=\"483ef4b3\" data-element_type=\"widget\" data-e-type=\"widget\" data-widget_type=\"spacer.default\">\n\t\t\t\t<div class=\"elementor-widget-container\">\n\t\t\t\t\t\t\t<div class=\"elementor-spacer\">\n\t\t\t<div class=\"elementor-spacer-inner\"><\/div>\n\t\t<\/div>\n\t\t\t\t\t\t<\/div>\n\t\t\t\t<\/div>\n\t\t\t\t<div class=\"elementor-element elementor-element-33af4e14 elementor-widget elementor-widget-heading\" data-id=\"33af4e14\" data-element_type=\"widget\" data-e-type=\"widget\" data-widget_type=\"heading.default\">\n\t\t\t\t<div class=\"elementor-widget-container\">\n\t\t\t\t\t<h3 class=\"elementor-heading-title elementor-size-large\">N'h\u00e9sitez pas \u00e0 consulter nos informations sur les retours et les \u00e9changes.<\/h3>\t\t\t\t<\/div>\n\t\t\t\t<\/div>\n\t\t\t\t<div class=\"elementor-element elementor-element-3faec007 elementor-widget-divider--view-line elementor-widget elementor-widget-divider\" data-id=\"3faec007\" data-element_type=\"widget\" data-e-type=\"widget\" data-widget_type=\"divider.default\">\n\t\t\t\t<div class=\"elementor-widget-container\">\n\t\t\t\t\t\t\t<div class=\"elementor-divider\">\n\t\t\t<span class=\"elementor-divider-separator\">\n\t\t\t\t\t\t<\/span>\n\t\t<\/div>\n\t\t\t\t\t\t<\/div>\n\t\t\t\t<\/div>\n\t\t\t\t\t<\/div>\n\t\t<\/div>\n\t\t\t\t\t<\/div>\n\t\t<\/section>\n\t\t\t\t<section class=\"elementor-section elementor-top-section elementor-element elementor-element-7448d6b9 elementor-section-boxed elementor-section-height-default elementor-section-height-default\" data-id=\"7448d6b9\" data-element_type=\"section\" data-e-type=\"section\">\n\t\t\t\t\t\t<div class=\"elementor-container elementor-column-gap-default\">\n\t\t\t\t\t<div class=\"elementor-column elementor-col-100 elementor-top-column elementor-element elementor-element-3f44990c\" data-id=\"3f44990c\" data-element_type=\"column\" data-e-type=\"column\">\n\t\t\t<div class=\"elementor-widget-wrap elementor-element-populated\">\n\t\t\t\t\t\t<div class=\"elementor-element elementor-element-549f3ec6 elementor-view-stacked elementor-shape-circle elementor-widget elementor-widget-icon\" data-id=\"549f3ec6\" data-element_type=\"widget\" data-e-type=\"widget\" data-widget_type=\"icon.default\">\n\t\t\t\t<div class=\"elementor-widget-container\">\n\t\t\t\t\t\t\t<div class=\"elementor-icon-wrapper\">\n\t\t\t<div class=\"elementor-icon\">\n\t\t\t<svg aria-hidden=\"true\" class=\"e-font-icon-svg e-fas-bars\" viewbox=\"0 0 448 512\" xmlns=\"http:\/\/www.w3.org\/2000\/svg\"><path d=\"M16 132h416c8.837 0 16-7.163 16-16V76c0-8.837-7.163-16-16-16H16C7.163 60 0 67.163 0 76v40c0 8.837 7.163 16 16 16zm0 160h416c8.837 0 16-7.163 16-16v-40c0-8.837-7.163-16-16-16H16c-8.837 0-16 7.163-16 16v40c0 8.837 7.163 16 16 16zm0 160h416c8.837 0 16-7.163 16-16v-40c0-8.837-7.163-16-16-16H16c-8.837 0-16 7.163-16 16v40c0 8.837 7.163 16 16 16z\"><\/path><\/svg>\t\t\t<\/div>\n\t\t<\/div>\n\t\t\t\t\t\t<\/div>\n\t\t\t\t<\/div>\n\t\t\t\t\t<\/div>\n\t\t<\/div>\n\t\t\t\t\t<\/div>\n\t\t<\/section>\n\t\t\t\t<section class=\"elementor-section elementor-top-section elementor-element elementor-element-61cb4cc elementor-section-boxed elementor-section-height-default elementor-section-height-default\" data-id=\"61cb4cc\" data-element_type=\"section\" data-e-type=\"section\">\n\t\t\t\t\t\t<div class=\"elementor-container elementor-column-gap-default\">\n\t\t\t\t\t<div class=\"elementor-column elementor-col-100 elementor-top-column elementor-element elementor-element-7ac5f1e0\" data-id=\"7ac5f1e0\" data-element_type=\"column\" data-e-type=\"column\">\n\t\t\t<div class=\"elementor-widget-wrap elementor-element-populated\">\n\t\t\t\t\t\t<div class=\"elementor-element elementor-element-6495f34f elementor-widget elementor-widget-text-editor\" data-id=\"6495f34f\" data-element_type=\"widget\" data-e-type=\"widget\" data-widget_type=\"text-editor.default\">\n\t\t\t\t<div class=\"elementor-widget-container\">\n\t\t\t\t\t\t\t\t\t<p><b>Retours et \u00e9changes<\/b><\/p><p>Nous voulons que vous achetiez en toute confiance. C'est pourquoi nous offrons des garanties qui vous assurent que vous recevrez votre article.<\/p><p><u>Tous ceux qui ach\u00e8tent b\u00e9n\u00e9ficient des garanties suivantes :<\/u><\/p><ul><li>Remboursement int\u00e9gral si vous ne recevez pas votre commande.<\/li><li>Remboursement int\u00e9gral si vous renvoyez le colis.<\/li><li>Remplacement si l'article est endommag\u00e9.<\/li><\/ul><div>\u00a0<\/div><p><span style=\"background-color: transparent;\">Si vous n'avez pas re\u00e7u le produit dans le d\u00e9lai garanti (60 jours ouvrables, sans compter les 4 \u00e0 7 jours de traitement), vous pouvez demander un remboursement ou une r\u00e9exp\u00e9dition. Si vous avez re\u00e7u le mauvais article, vous pouvez demander une r\u00e9exp\u00e9dition.<\/span><\/p><div><p><strong>\u00c9changes<\/strong><\/p><p>Nous comprenons qu&#039;il peut parfois \u00eatre difficile de choisir la bonne taille. C&#039;est pourquoi nous proposons les options d&#039;\u00e9change suivantes\u00a0:<\/p><ul><li>Les \u00e9changes de taille sont accept\u00e9s pour les articles non port\u00e9s dans leur emballage d&#039;origine.<\/li><li>Les frais de retour pour les commandes internationales doivent \u00eatre couverts par le client.<\/li><li>L&#039;exp\u00e9dition de remplacement pour les articles \u00e9chang\u00e9s est gratuite.<\/li><\/ul><\/div><div>\u00a0<\/div><div><p><u>Votre remboursement ne sera pas approuv\u00e9 si<\/u><\/p><div><ul><li>Votre commande n'est pas arriv\u00e9e pour des raisons ind\u00e9pendantes de votre volont\u00e9 (par exemple, si vous avez indiqu\u00e9 une mauvaise adresse de livraison).<\/li><li>Questions relatives \u00e0 la taille : Nous vous conseillons de consulter nos tableaux de tailles ou de nous contacter pour toute question relative \u00e0 la taille avant d'effectuer votre achat.<\/li><li>Votre commande n'est pas arriv\u00e9e en raison de circonstances exceptionnelles hors du contr\u00f4le de SavanaUnderwear.com (c'est-\u00e0-dire non d\u00e9douan\u00e9e, retard\u00e9e par une catastrophe naturelle).<\/li><li>Pour des raisons d'hygi\u00e8ne, les sous-v\u00eatements, les maillots de bain et les v\u00eatements de forme ne sont pas repris et sont en vente finale.<\/li><li>D'autres circonstances exceptionnelles hors du contr\u00f4le de SavanaUnderwear.com.<\/li><\/ul><div>\u00a0<\/div><p>Vous pouvez introduire une demande de remboursement dans les 7 jours suivant l'expiration du d\u00e9lai de livraison garanti (60 jours ouvrables). Vous pouvez le faire en envoyant un message \u00e0 support@savanaunderwear.com.<\/p><p>Si votre demande de remboursement est accept\u00e9e, elle sera trait\u00e9e et un cr\u00e9dit sera automatiquement appliqu\u00e9 \u00e0 votre carte de cr\u00e9dit ou \u00e0 votre mode de paiement initial, dans un d\u00e9lai de 14 jours.<\/p><p><strong>Droit de retour de 100 jours :<\/strong> Notre politique de retour de 100 jours vous permet de retourner tout sous-v\u00eatement non emball\u00e9 et non port\u00e9. Veuillez noter que pour des raisons d'hygi\u00e8ne, seuls les articles qui se trouvent dans leur emballage d'origine, qui n'ont pas \u00e9t\u00e9 ouverts et qui n'ont pas \u00e9t\u00e9 essay\u00e9s peuvent \u00eatre retourn\u00e9s.<\/p><div class=\"mt-1 flex gap-3 empty:hidden -ml-2\"><div class=\"items-center justify-start rounded-xl p-1 flex\"><div class=\"flex items-center\"><div class=\"flex items-center pb-0\"><div class=\"[&amp;_svg]:h-full [&amp;_svg]:w-full icon-md h-4 w-4\">\u00a0<\/div><\/div><\/div><\/div><\/div><\/div><\/div>\t\t\t\t\t\t\t\t<\/div>\n\t\t\t\t<\/div>\n\t\t\t\t<div class=\"elementor-element elementor-element-2b55f0d elementor-widget elementor-widget-spacer\" data-id=\"2b55f0d\" data-element_type=\"widget\" data-e-type=\"widget\" data-widget_type=\"spacer.default\">\n\t\t\t\t<div class=\"elementor-widget-container\">\n\t\t\t\t\t\t\t<div class=\"elementor-spacer\">\n\t\t\t<div class=\"elementor-spacer-inner\"><\/div>\n\t\t<\/div>\n\t\t\t\t\t\t<\/div>\n\t\t\t\t<\/div>\n\t\t\t\t<div class=\"elementor-element elementor-element-1a84e1a2 elementor-widget elementor-widget-html\" data-id=\"1a84e1a2\" data-element_type=\"widget\" data-e-type=\"widget\" data-widget_type=\"html.default\">\n\t\t\t\t<div class=\"elementor-widget-container\">\n\t\t\t\t\t<div style=\"display:block; background-color:#FBFBFB; color:#292929; border: 1px solid gray; padding:15px; font-family:Helvetica,Arial,sans-serif; font-size:14px; font-style:normal;\"><img decoding=\"async\" style=\"float:left;margin-right:10px;\" src=\"https:\/\/www.fairness-im-handel.de\/wp-content\/uploads\/logo-fairness-90.png\" alt=\"Initiative : Fairness im Handel (\u00e9quit\u00e9 dans le travail)\" \/><p style=\"padding-top:10px;\">Membre de l'initiative \"Fairness in Trade\".<br \/>Informations sur l'initiative : <a style=\"color:#ef7b00\" href=\"https:\/\/www.fairness-im-handel.de\" target=\"_blank\">https:\/\/www.fairness-im-handel.de <\/a><\/p><div style=\"clear: both;\"><\/div><\/div>\t\t\t\t<\/div>\n\t\t\t\t<\/div>\n\t\t\t\t<div class=\"elementor-element elementor-element-62ede1c elementor-widget elementor-widget-spacer\" data-id=\"62ede1c\" data-element_type=\"widget\" data-e-type=\"widget\" data-widget_type=\"spacer.default\">\n\t\t\t\t<div class=\"elementor-widget-container\">\n\t\t\t\t\t\t\t<div class=\"elementor-spacer\">\n\t\t\t<div class=\"elementor-spacer-inner\"><\/div>\n\t\t<\/div>\n\t\t\t\t\t\t<\/div>\n\t\t\t\t<\/div>\n\t\t\t\t\t<\/div>\n\t\t<\/div>\n\t\t\t\t\t<\/div>\n\t\t<\/section>\n\t\t\t\t<\/div>","protected":false},"excerpt":{"rendered":"<p>Retours et \u00e9changes. Sur ce site, vous trouverez nos informations sur les retours et les \u00e9changes. N&#039;h\u00e9sitez pas \u00e0 consulter nos informations sur les retours et les \u00e9changes. Retours et \u00e9changes. Nous souhaitons que vous puissiez acheter en toute confiance. C&#039;est pourquoi nous vous garantissons la r\u00e9ception de votre article. Tous nos clients b\u00e9n\u00e9ficient des garanties suivantes\u00a0: Remboursement int\u00e9gral si vous ne [\u2026]<\/p>","protected":false},"author":1,"featured_media":0,"parent":0,"menu_order":0,"comment_status":"closed","ping_status":"closed","template":"","meta":{"ocean_post_layout":"","ocean_both_sidebars_style":"","ocean_both_sidebars_content_width":0,"ocean_both_sidebars_sidebars_width":0,"ocean_sidebar":"","ocean_second_sidebar":"","ocean_disable_margins":"enable","ocean_add_body_class":"","ocean_shortcode_before_top_bar":"","ocean_shortcode_after_top_bar":"","ocean_shortcode_before_header":"","ocean_shortcode_after_header":"","ocean_has_shortcode":"","ocean_shortcode_after_title":"","ocean_shortcode_before_footer_widgets":"","ocean_shortcode_after_footer_widgets":"","ocean_shortcode_before_footer_bottom":"","ocean_shortcode_after_footer_bottom":"","ocean_display_top_bar":"default","ocean_display_header":"default","ocean_header_style":"","ocean_center_header_left_menu":"","ocean_custom_header_template":"","ocean_custom_logo":0,"ocean_custom_retina_logo":0,"ocean_custom_logo_max_width":0,"ocean_custom_logo_tablet_max_width":0,"ocean_custom_logo_mobile_max_width":0,"ocean_custom_logo_max_height":0,"ocean_custom_logo_tablet_max_height":0,"ocean_custom_logo_mobile_max_height":0,"ocean_header_custom_menu":"","ocean_menu_typo_font_family":"","ocean_menu_typo_font_subset":"","ocean_menu_typo_font_size":0,"ocean_menu_typo_font_size_tablet":0,"ocean_menu_typo_font_size_mobile":0,"ocean_menu_typo_font_size_unit":"px","ocean_menu_typo_font_weight":"","ocean_menu_typo_font_weight_tablet":"","ocean_menu_typo_font_weight_mobile":"","ocean_menu_typo_transform":"","ocean_menu_typo_transform_tablet":"","ocean_menu_typo_transform_mobile":"","ocean_menu_typo_line_height":0,"ocean_menu_typo_line_height_tablet":0,"ocean_menu_typo_line_height_mobile":0,"ocean_menu_typo_line_height_unit":"","ocean_menu_typo_spacing":0,"ocean_menu_typo_spacing_tablet":0,"ocean_menu_typo_spacing_mobile":0,"ocean_menu_typo_spacing_unit":"","ocean_menu_link_color":"","ocean_menu_link_color_hover":"","ocean_menu_link_color_active":"","ocean_menu_link_background":"","ocean_menu_link_hover_background":"","ocean_menu_link_active_background":"","ocean_menu_social_links_bg":"","ocean_menu_social_hover_links_bg":"","ocean_menu_social_links_color":"","ocean_menu_social_hover_links_color":"","ocean_disable_title":"on","ocean_disable_heading":"default","ocean_post_title":"","ocean_post_subheading":"","ocean_post_title_style":"","ocean_post_title_background_color":"","ocean_post_title_background":0,"ocean_post_title_bg_image_position":"","ocean_post_title_bg_image_attachment":"","ocean_post_title_bg_image_repeat":"","ocean_post_title_bg_image_size":"","ocean_post_title_height":0,"ocean_post_title_bg_overlay":0.5,"ocean_post_title_bg_overlay_color":"","ocean_disable_breadcrumbs":"default","ocean_breadcrumbs_color":"","ocean_breadcrumbs_separator_color":"","ocean_breadcrumbs_links_color":"","ocean_breadcrumbs_links_hover_color":"","ocean_display_footer_widgets":"default","ocean_display_footer_bottom":"default","ocean_custom_footer_template":"","footnotes":""},"class_list":["post-200","page","type-page","status-publish","hentry","entry","owp-thumbs-layout-horizontal","owp-btn-normal","owp-tabs-layout-horizontal","has-no-thumbnails","has-product-nav"],"yoast_head":"<!-- This site is optimized with the Yoast SEO plugin v27.5 - https:\/\/yoast.com\/product\/yoast-seo-wordpress\/ -->\n<title>SavanaUnderwear.com | Returns and Exchanges can be read here.<\/title>\n<meta name=\"description\" content=\"Savana Underwear | Returns and Exchanges. Visit our Returns and Exchanges site. Any questions? Feel free to ask. Please use our contact form.\" \/>\n<meta name=\"robots\" content=\"index, follow, max-snippet:-1, max-image-preview:large, max-video-preview:-1\" \/>\n<link rel=\"canonical\" href=\"https:\/\/savanaunderwear.com\/fr\/retours-et-echanges\/\" \/>\n<meta property=\"og:locale\" content=\"fr_FR\" \/>\n<meta property=\"og:type\" content=\"article\" \/>\n<meta property=\"og:title\" content=\"SavanaUnderwear.com | Returns and Exchanges can be read here.\" \/>\n<meta property=\"og:description\" content=\"Savana Underwear | Returns and Exchanges. Visit our Returns and Exchanges site. Any questions? Feel free to ask. Please use our contact form.\" \/>\n<meta property=\"og:url\" content=\"https:\/\/savanaunderwear.com\/fr\/retours-et-echanges\/\" \/>\n<meta property=\"og:site_name\" content=\"Savana Underwear\" \/>\n<meta property=\"article:publisher\" content=\"https:\/\/www.facebook.com\/savanaunderwear\" \/>\n<meta property=\"article:modified_time\" content=\"2025-10-07T01:27:22+00:00\" \/>\n<meta property=\"og:image\" content=\"https:\/\/www.fairness-im-handel.de\/wp-content\/uploads\/logo-fairness-90.png\" \/>\n<meta name=\"twitter:card\" content=\"summary_large_image\" \/>\n<meta name=\"twitter:label1\" content=\"Dur\u00e9e de lecture estim\u00e9e\" \/>\n\t<meta name=\"twitter:data1\" content=\"2 minutes\" \/>\n<script type=\"application\/ld+json\" class=\"yoast-schema-graph\">{\"@context\":\"https:\\\/\\\/schema.org\",\"@graph\":[{\"@type\":\"WebPage\",\"@id\":\"https:\\\/\\\/savanaunderwear.com\\\/returns-and-exchanges\\\/\",\"url\":\"https:\\\/\\\/savanaunderwear.com\\\/returns-and-exchanges\\\/\",\"name\":\"SavanaUnderwear.com | Returns and Exchanges can be read here.\",\"isPartOf\":{\"@id\":\"https:\\\/\\\/savanaunderwear.com\\\/#website\"},\"primaryImageOfPage\":{\"@id\":\"https:\\\/\\\/savanaunderwear.com\\\/returns-and-exchanges\\\/#primaryimage\"},\"image\":{\"@id\":\"https:\\\/\\\/savanaunderwear.com\\\/returns-and-exchanges\\\/#primaryimage\"},\"thumbnailUrl\":\"https:\\\/\\\/www.fairness-im-handel.de\\\/wp-content\\\/uploads\\\/logo-fairness-90.png\",\"datePublished\":\"2024-09-10T09:52:45+00:00\",\"dateModified\":\"2025-10-07T01:27:22+00:00\",\"description\":\"Savana Underwear | Returns and Exchanges. Visit our Returns and Exchanges site. Any questions? Feel free to ask. Please use our contact form.\",\"breadcrumb\":{\"@id\":\"https:\\\/\\\/savanaunderwear.com\\\/returns-and-exchanges\\\/#breadcrumb\"},\"inLanguage\":\"fr-FR\",\"potentialAction\":[{\"@type\":\"ReadAction\",\"target\":[\"https:\\\/\\\/savanaunderwear.com\\\/returns-and-exchanges\\\/\"]}]},{\"@type\":\"ImageObject\",\"inLanguage\":\"fr-FR\",\"@id\":\"https:\\\/\\\/savanaunderwear.com\\\/returns-and-exchanges\\\/#primaryimage\",\"url\":\"https:\\\/\\\/www.fairness-im-handel.de\\\/wp-content\\\/uploads\\\/logo-fairness-90.png\",\"contentUrl\":\"https:\\\/\\\/www.fairness-im-handel.de\\\/wp-content\\\/uploads\\\/logo-fairness-90.png\"},{\"@type\":\"BreadcrumbList\",\"@id\":\"https:\\\/\\\/savanaunderwear.com\\\/returns-and-exchanges\\\/#breadcrumb\",\"itemListElement\":[{\"@type\":\"ListItem\",\"position\":1,\"name\":\"Home\",\"item\":\"https:\\\/\\\/savanaunderwear.com\\\/\"},{\"@type\":\"ListItem\",\"position\":2,\"name\":\"Returns and Exchanges\"}]},{\"@type\":\"WebSite\",\"@id\":\"https:\\\/\\\/savanaunderwear.com\\\/#website\",\"url\":\"https:\\\/\\\/savanaunderwear.com\\\/\",\"name\":\"Savana Underwear\",\"description\":\"Best Varicocele Underwear For Men\",\"publisher\":{\"@id\":\"https:\\\/\\\/savanaunderwear.com\\\/#organization\"},\"potentialAction\":[{\"@type\":\"SearchAction\",\"target\":{\"@type\":\"EntryPoint\",\"urlTemplate\":\"https:\\\/\\\/savanaunderwear.com\\\/?s={search_term_string}\"},\"query-input\":{\"@type\":\"PropertyValueSpecification\",\"valueRequired\":true,\"valueName\":\"search_term_string\"}}],\"inLanguage\":\"fr-FR\"},{\"@type\":\"Organization\",\"@id\":\"https:\\\/\\\/savanaunderwear.com\\\/#organization\",\"name\":\"Savana Underwear\",\"url\":\"https:\\\/\\\/savanaunderwear.com\\\/\",\"logo\":{\"@type\":\"ImageObject\",\"inLanguage\":\"fr-FR\",\"@id\":\"https:\\\/\\\/savanaunderwear.com\\\/#\\\/schema\\\/logo\\\/image\\\/\",\"url\":\"https:\\\/\\\/savanaunderwear.com\\\/wp-content\\\/uploads\\\/2024\\\/09\\\/cropped-Savana-Underwear-Logo-scaled-2.jpg\",\"contentUrl\":\"https:\\\/\\\/savanaunderwear.com\\\/wp-content\\\/uploads\\\/2024\\\/09\\\/cropped-Savana-Underwear-Logo-scaled-2.jpg\",\"width\":2560,\"height\":704,\"caption\":\"Savana Underwear\"},\"image\":{\"@id\":\"https:\\\/\\\/savanaunderwear.com\\\/#\\\/schema\\\/logo\\\/image\\\/\"},\"sameAs\":[\"https:\\\/\\\/www.facebook.com\\\/savanaunderwear\",\"https:\\\/\\\/www.instagram.com\\\/savanaunderwear\\\/\"]}]}<\/script>\n<!-- \/ Yoast SEO plugin. -->","yoast_head_json":{"title":"SavanaUnderwear.com | Returns and Exchanges can be read here.","description":"Savana Underwear | Returns and Exchanges. Visit our Returns and Exchanges site. Any questions? Feel free to ask. Please use our contact form.","robots":{"index":"index","follow":"follow","max-snippet":"max-snippet:-1","max-image-preview":"max-image-preview:large","max-video-preview":"max-video-preview:-1"},"canonical":"https:\/\/savanaunderwear.com\/fr\/retours-et-echanges\/","og_locale":"fr_FR","og_type":"article","og_title":"SavanaUnderwear.com | Returns and Exchanges can be read here.","og_description":"Savana Underwear | Returns and Exchanges. Visit our Returns and Exchanges site. Any questions? Feel free to ask. Please use our contact form.","og_url":"https:\/\/savanaunderwear.com\/fr\/retours-et-echanges\/","og_site_name":"Savana Underwear","article_publisher":"https:\/\/www.facebook.com\/savanaunderwear","article_modified_time":"2025-10-07T01:27:22+00:00","og_image":[{"url":"https:\/\/www.fairness-im-handel.de\/wp-content\/uploads\/logo-fairness-90.png","type":"","width":"","height":""}],"twitter_card":"summary_large_image","twitter_misc":{"Dur\u00e9e de lecture estim\u00e9e":"2 minutes"},"schema":{"@context":"https:\/\/schema.org","@graph":[{"@type":"WebPage","@id":"https:\/\/savanaunderwear.com\/returns-and-exchanges\/","url":"https:\/\/savanaunderwear.com\/returns-and-exchanges\/","name":"SavanaUnderwear.com | Returns and Exchanges can be read here.","isPartOf":{"@id":"https:\/\/savanaunderwear.com\/#website"},"primaryImageOfPage":{"@id":"https:\/\/savanaunderwear.com\/returns-and-exchanges\/#primaryimage"},"image":{"@id":"https:\/\/savanaunderwear.com\/returns-and-exchanges\/#primaryimage"},"thumbnailUrl":"https:\/\/www.fairness-im-handel.de\/wp-content\/uploads\/logo-fairness-90.png","datePublished":"2024-09-10T09:52:45+00:00","dateModified":"2025-10-07T01:27:22+00:00","description":"Savana Underwear | Returns and Exchanges. Visit our Returns and Exchanges site. Any questions? Feel free to ask. Please use our contact form.","breadcrumb":{"@id":"https:\/\/savanaunderwear.com\/returns-and-exchanges\/#breadcrumb"},"inLanguage":"fr-FR","potentialAction":[{"@type":"ReadAction","target":["https:\/\/savanaunderwear.com\/returns-and-exchanges\/"]}]},{"@type":"ImageObject","inLanguage":"fr-FR","@id":"https:\/\/savanaunderwear.com\/returns-and-exchanges\/#primaryimage","url":"https:\/\/www.fairness-im-handel.de\/wp-content\/uploads\/logo-fairness-90.png","contentUrl":"https:\/\/www.fairness-im-handel.de\/wp-content\/uploads\/logo-fairness-90.png"},{"@type":"BreadcrumbList","@id":"https:\/\/savanaunderwear.com\/returns-and-exchanges\/#breadcrumb","itemListElement":[{"@type":"ListItem","position":1,"name":"Home","item":"https:\/\/savanaunderwear.com\/"},{"@type":"ListItem","position":2,"name":"Returns and Exchanges"}]},{"@type":"WebSite","@id":"https:\/\/savanaunderwear.com\/#website","url":"https:\/\/savanaunderwear.com\/","name":"Savana Underwear","description":"Best Varicocele Underwear For Men","publisher":{"@id":"https:\/\/savanaunderwear.com\/#organization"},"potentialAction":[{"@type":"SearchAction","target":{"@type":"EntryPoint","urlTemplate":"https:\/\/savanaunderwear.com\/?s={search_term_string}"},"query-input":{"@type":"PropertyValueSpecification","valueRequired":true,"valueName":"search_term_string"}}],"inLanguage":"fr-FR"},{"@type":"Organization","@id":"https:\/\/savanaunderwear.com\/#organization","name":"Savana Underwear","url":"https:\/\/savanaunderwear.com\/","logo":{"@type":"ImageObject","inLanguage":"fr-FR","@id":"https:\/\/savanaunderwear.com\/#\/schema\/logo\/image\/","url":"https:\/\/savanaunderwear.com\/wp-content\/uploads\/2024\/09\/cropped-Savana-Underwear-Logo-scaled-2.jpg","contentUrl":"https:\/\/savanaunderwear.com\/wp-content\/uploads\/2024\/09\/cropped-Savana-Underwear-Logo-scaled-2.jpg","width":2560,"height":704,"caption":"Savana Underwear"},"image":{"@id":"https:\/\/savanaunderwear.com\/#\/schema\/logo\/image\/"},"sameAs":["https:\/\/www.facebook.com\/savanaunderwear","https:\/\/www.instagram.com\/savanaunderwear\/"]}]}},"jetpack_sharing_enabled":true,"_links":{"self":[{"href":"https:\/\/savanaunderwear.com\/fr\/wp-json\/wp\/v2\/pages\/200","targetHints":{"allow":["GET"]}}],"collection":[{"href":"https:\/\/savanaunderwear.com\/fr\/wp-json\/wp\/v2\/pages"}],"about":[{"href":"https:\/\/savanaunderwear.com\/fr\/wp-json\/wp\/v2\/types\/page"}],"author":[{"embeddable":true,"href":"https:\/\/savanaunderwear.com\/fr\/wp-json\/wp\/v2\/users\/1"}],"replies":[{"embeddable":true,"href":"https:\/\/savanaunderwear.com\/fr\/wp-json\/wp\/v2\/comments?post=200"}],"version-history":[{"count":0,"href":"https:\/\/savanaunderwear.com\/fr\/wp-json\/wp\/v2\/pages\/200\/revisions"}],"wp:attachment":[{"href":"https:\/\/savanaunderwear.com\/fr\/wp-json\/wp\/v2\/media?parent=200"}],"curies":[{"name":"wp","href":"https:\/\/api.w.org\/{rel}","templated":true}]}}