{"id":284,"date":"2024-09-11T03:14:55","date_gmt":"2024-09-11T01:14:55","guid":{"rendered":"https:\/\/savanaunderwear.org\/?post_type=product&#038;p=284"},"modified":"2026-02-06T13:28:14","modified_gmt":"2026-02-06T12:28:14","slug":"savana-varicocele-underwear-m07-sports-premium-mens-boxer-briefs-6-pack","status":"publish","type":"product","link":"https:\/\/savanaunderwear.com\/es\/producto\/savana-varicocele-underwear-m07-sports-premium-mens-boxer-briefs-6-pack\/","title":{"rendered":"Calzoncillos b\u00f3xer Savana Varicocele M07 Sports Premium para hombre, micromodal | Compresivos | Transpirables | Refrescantes | Ideales para varicocele de grado 2 y 3 | Paquete de 6"},"content":{"rendered":"<h3>Savana Varicocele Ropa Interior M07 Premium Hombre Calzoncillos Boxer Nuevo Micro Modal Calzoncillos Boxer Hombre 6-Pack<\/h3>\n<ul>\n<li><strong>SAVANA M07 NUEVO MODELO:<\/strong> Los calzoncillos SAVANA M07 le aportan a\u00fan m\u00e1s compresi\u00f3n y sujeci\u00f3n en el d\u00eda a d\u00eda. El nuevo corte compresor, a\u00fan mejor, mejora a\u00fan m\u00e1s la circulaci\u00f3n sangu\u00ednea y reduce los s\u00edntomas al m\u00ednimo. Por ello, los M07 est\u00e1n especialmente indicados para hombres con grados de severidad m\u00e1s elevados, durante la pr\u00e1ctica deportiva y al salir.<\/li>\n<li><strong>AJUSTE PERFECTO:<\/strong> Los calzoncillos b\u00f3xer SAVANA se inspiran en la estructura fisiol\u00f3gica del hombre. El corte ergon\u00f3mico 3D y el material MicroModal proporcionan un ajuste perfecto y la m\u00e1xima comodidad. El dise\u00f1o te ayuda a tener un aspecto seguro y sexy.<\/li>\n<li><strong>MATERIAL TRANSPIRABLE:<\/strong> La transpirabilidad desempe\u00f1a un papel importante en los calzoncillos b\u00f3xer masculinos para la fertilidad y los niveles de testosterona. Los calzoncillos b\u00f3xer SAVANA te aportan esta transpirabilidad. Perfectos para llevar a diario, hacer deporte y salir.<\/li>\n<li><strong>LA MEJOR CALIDAD:<\/strong> En lugar de ofrecerte un calzoncillo b\u00f3xer est\u00e1ndar, hemos dedicado 9 meses enteros a desarrollar el calzoncillo b\u00f3xer SAVANA para ti, combinando las mejores caracter\u00edsticas de m\u00e1s de 20 modelos de ropa interior diferentes.<\/li>\n<li><strong>EXTREMADAMENTE SUAVE:<\/strong> Ligero como una pluma gracias al MicroModal, se siente fresco sobre la piel y sedoso al tacto. Optimizado para el espacio personal masculino. Proporciona una sensaci\u00f3n de frescor, salud y bienestar general.<\/li>\n<li><b>SIN S\u00cdNTOMAS:<\/b> El corte ergon\u00f3mico 3D crea una ligera compresi\u00f3n. De este modo se reducen los s\u00edntomas V habituales. Especialmente indicado para permanecer mucho tiempo de pie, hacer deporte y salir por la noche. Ideal para V-Severity 1-3.<\/li>\n<li><b>CIRUG\u00cdA DEL VARICOCELE:<\/b>\u00a0Ropa interior para varicocele perfecta para evitar la cirug\u00eda, pero tambi\u00e9n una soluci\u00f3n aprobada para la preparaci\u00f3n y los cuidados posteriores a una intervenci\u00f3n. Proporciona un soporte ideal para la recuperaci\u00f3n tras la cirug\u00eda de varicocele y minimiza el riesgo de reaparici\u00f3n.<\/li>\n<li><strong>SIN RASCAR BILLETES:<\/strong> La impresi\u00f3n de informaci\u00f3n sobre el art\u00edculo realizada especialmente en el interior evita las molestias habituales entre la piel y la etiqueta.<\/li>\n<\/ul>\n<p>&nbsp;<\/p>\n<p><strong>Tabla de tallas<\/strong><\/p>\n<table style=\"height: 163px;\" width=\"312\">\n<tbody>\n<tr>\n<td style=\"text-align: center;\" width=\"65\">Talla<\/td>\n<td style=\"text-align: center;\" width=\"103\">Cintura en pulgadas<\/td>\n<td style=\"text-align: center;\" width=\"105\">Cintura en cm<\/td>\n<\/tr>\n<tr>\n<td style=\"text-align: center;\">S<\/td>\n<td style=\"text-align: center;\">24-26&#8243;<\/td>\n<td style=\"text-align: center;\">60-66cm<\/td>\n<\/tr>\n<tr>\n<td style=\"text-align: center;\">M<\/td>\n<td style=\"text-align: center;\">28-30&#8243;<\/td>\n<td style=\"text-align: center;\">71-76 cm<\/td>\n<\/tr>\n<tr>\n<td style=\"text-align: center;\">L<\/td>\n<td style=\"text-align: center;\">32-34&#8243;<\/td>\n<td style=\"text-align: center;\">81-86 cm<\/td>\n<\/tr>\n<tr>\n<td style=\"text-align: center;\">XL<\/td>\n<td style=\"text-align: center;\">36-38&#8243;<\/td>\n<td style=\"text-align: center;\" width=\"105\">91-96 cm<\/td>\n<\/tr>\n<tr>\n<td style=\"text-align: center;\">XXL<\/td>\n<td style=\"text-align: center;\">40-42&#8243;<\/td>\n<td style=\"text-align: center;\">101-106 cm<\/td>\n<\/tr>\n<\/tbody>\n<\/table>\n<p>&nbsp;<\/p>\n<p><strong>Env\u00edo:<\/strong> 1-2 d\u00edas laborables tras la confirmaci\u00f3n del pedido.<\/p>\n<p><strong>Formas de pago aceptadas:<\/strong> Stripe, tarjeta de cr\u00e9dito, PayPal, Apple y Google Pay.<\/p>\n<p><a href=\"https:\/\/varicocele-treatment.com\/shipping-policy\"><strong>Plazos de env\u00edo<\/strong><\/a><\/p>\n<p><strong>Vendedor de confianza de Amazon<\/strong><\/p>\n<div data-src=\"https:\/\/cdn.trustindex.io\/loader.js?41da870331e70331c516cc41092\"><\/div>\n<div id=\"gtx-trans\" style=\"position: absolute; left: 909px; top: 337.516px;\">\n<div class=\"gtx-trans-icon\"><\/div>\n<\/div>","protected":false},"excerpt":{"rendered":"<h3>Savana Premium Calzoncillos Boxer M07 Sports 6-Pack<\/h3>\n<ul>\n<li>Nuevo Modelo: Mejor compresi\u00f3n, m\u00e1xima refrigeraci\u00f3n<\/li>\n<li>Ideal para varicocele de grado 2 + 3<\/li>\n<li>Varicocele adecuado, enfriando y comprimiendo ligeramente.<\/li>\n<li>Ayuda con el dolor testicular, lleva la presi\u00f3n del pene a los test\u00edculos.<\/li>\n<li>S\u00faper c\u00f3modos de llevar, gracias al corte perfecto y a los tejidos de calidad.<\/li>\n<li>Disponible en diferentes tallas S, M, L, XL, XXL (ver tabla de tallas)<\/li>\n<li>Color: Negro<\/li>\n<li>Instrucciones de cuidado: 30 \u00b0C Lavado a m\u00e1quina<\/li>\n<li>Multipack de ropa interior de Micro Modal de alta calidad<\/li>\n<\/ul>\n<hr \/>\n<p><strong>Tiempo de env\u00edo:<\/strong> 2-3 d\u00edas h\u00e1biles despu\u00e9s de la confirmaci\u00f3n del pedido.<\/p>\n<p><span style=\"color: #339966;\"><strong>Se proporcionar\u00e1 el n\u00famero de seguimiento de DHL.<\/strong><\/span><\/p>","protected":false},"featured_media":296,"template":"","meta":{"ocean_post_layout":"full-width","ocean_both_sidebars_style":"","ocean_both_sidebars_content_width":0,"ocean_both_sidebars_sidebars_width":0,"ocean_sidebar":"0","ocean_second_sidebar":"0","ocean_disable_margins":"enable","ocean_add_body_class":"","ocean_shortcode_before_top_bar":"","ocean_shortcode_after_top_bar":"","ocean_shortcode_before_header":"","ocean_shortcode_after_header":"","ocean_has_shortcode":"","ocean_shortcode_after_title":"","ocean_shortcode_before_footer_widgets":"","ocean_shortcode_after_footer_widgets":"","ocean_shortcode_before_footer_bottom":"","ocean_shortcode_after_footer_bottom":"","ocean_display_top_bar":"default","ocean_display_header":"default","ocean_header_style":"","ocean_center_header_left_menu":"0","ocean_custom_header_template":"0","ocean_custom_logo":0,"ocean_custom_retina_logo":0,"ocean_custom_logo_max_width":0,"ocean_custom_logo_tablet_max_width":0,"ocean_custom_logo_mobile_max_width":0,"ocean_custom_logo_max_height":0,"ocean_custom_logo_tablet_max_height":0,"ocean_custom_logo_mobile_max_height":0,"ocean_header_custom_menu":"0","ocean_menu_typo_font_family":"0","ocean_menu_typo_font_subset":"","ocean_menu_typo_font_size":0,"ocean_menu_typo_font_size_tablet":0,"ocean_menu_typo_font_size_mobile":0,"ocean_menu_typo_font_size_unit":"px","ocean_menu_typo_font_weight":"","ocean_menu_typo_font_weight_tablet":"","ocean_menu_typo_font_weight_mobile":"","ocean_menu_typo_transform":"","ocean_menu_typo_transform_tablet":"","ocean_menu_typo_transform_mobile":"","ocean_menu_typo_line_height":0,"ocean_menu_typo_line_height_tablet":0,"ocean_menu_typo_line_height_mobile":0,"ocean_menu_typo_line_height_unit":"","ocean_menu_typo_spacing":0,"ocean_menu_typo_spacing_tablet":0,"ocean_menu_typo_spacing_mobile":0,"ocean_menu_typo_spacing_unit":"","ocean_menu_link_color":"","ocean_menu_link_color_hover":"","ocean_menu_link_color_active":"","ocean_menu_link_background":"","ocean_menu_link_hover_background":"","ocean_menu_link_active_background":"","ocean_menu_social_links_bg":"","ocean_menu_social_hover_links_bg":"","ocean_menu_social_links_color":"","ocean_menu_social_hover_links_color":"","ocean_disable_title":"on","ocean_disable_heading":"default","ocean_post_title":"","ocean_post_subheading":"","ocean_post_title_style":"","ocean_post_title_background_color":"","ocean_post_title_background":0,"ocean_post_title_bg_image_position":"","ocean_post_title_bg_image_attachment":"","ocean_post_title_bg_image_repeat":"","ocean_post_title_bg_image_size":"","ocean_post_title_height":0,"ocean_post_title_bg_overlay":0.5,"ocean_post_title_bg_overlay_color":"","ocean_disable_breadcrumbs":"default","ocean_breadcrumbs_color":"","ocean_breadcrumbs_separator_color":"","ocean_breadcrumbs_links_color":"","ocean_breadcrumbs_links_hover_color":"","ocean_display_footer_widgets":"default","ocean_display_footer_bottom":"default","ocean_custom_footer_template":"0"},"product_brand":[],"product_cat":[28,29,26],"product_tag":[],"class_list":{"0":"post-284","1":"product","2":"type-product","3":"status-publish","4":"has-post-thumbnail","6":"product_cat-varicocele-boxer-briefs-2","7":"product_cat-varicocele-boxer-shorts","8":"product_cat-varicocele-underwear","9":"product_shipping_class-6-pack","11":"entry","12":"has-media","14":"first","15":"instock","16":"sale","17":"shipping-taxable","18":"purchasable","19":"product-type-variable","20":"has-product-nav","21":"col","22":"span_1_of_4","23":"owp-content-center","24":"owp-thumbs-layout-horizontal","25":"owp-btn-normal","26":"owp-tabs-layout-horizontal"},"group_of_quantity":0,"min_quantity":0,"max_quantity":4,"exclude_order_quantity_value_rules":"no","exclude_category_quantity_rules":"no","combine_variations":"no","yoast_head":"<!-- This site is optimized with the Yoast SEO plugin v27.2 - https:\/\/yoast.com\/product\/yoast-seo-wordpress\/ -->\n<title>Savana Varicocele Underwear M07 Sports Premium Men&#039;s Boxer 6 Pack<\/title>\n<meta name=\"description\" content=\"Savana Varicocele Underwear M07 Sports Premium Men&#039;s Boxer Briefs Therapeutic Varicocele Boxershorts | Compressive | Breathable | Cooling\" \/>\n<meta name=\"robots\" content=\"index, follow, max-snippet:-1, max-image-preview:large, max-video-preview:-1\" \/>\n<link rel=\"canonical\" href=\"https:\/\/savanaunderwear.com\/es\/producto\/savana-varicocele-underwear-m07-sports-premium-mens-boxer-briefs-6-pack\/\" \/>\n<meta property=\"og:locale\" content=\"es_ES\" \/>\n<meta property=\"og:type\" content=\"article\" \/>\n<meta property=\"og:title\" content=\"Savana Varicocele Underwear M07 Sports Premium Men&#039;s Boxer 6 Pack\" \/>\n<meta property=\"og:description\" content=\"Savana Varicocele Underwear M07 Sports Premium Men&#039;s Boxer Briefs Therapeutic Varicocele Boxershorts | Compressive | Breathable | Cooling\" \/>\n<meta property=\"og:url\" content=\"https:\/\/savanaunderwear.com\/es\/producto\/savana-varicocele-underwear-m07-sports-premium-mens-boxer-briefs-6-pack\/\" \/>\n<meta property=\"og:site_name\" content=\"Savana Underwear\" \/>\n<meta property=\"article:publisher\" content=\"https:\/\/www.facebook.com\/savanaunderwear\" \/>\n<meta property=\"article:modified_time\" content=\"2026-02-06T12:28:14+00:00\" \/>\n<meta property=\"og:image\" content=\"https:\/\/savanaunderwear.com\/wp-content\/uploads\/2024\/09\/savana-underwear-m07-6-pieces-new.jpg\" \/>\n\t<meta property=\"og:image:width\" content=\"1003\" \/>\n\t<meta property=\"og:image:height\" content=\"841\" \/>\n\t<meta property=\"og:image:type\" content=\"image\/jpeg\" \/>\n<meta name=\"twitter:card\" content=\"summary_large_image\" \/>\n<meta name=\"twitter:label1\" content=\"Tiempo de lectura\" \/>\n\t<meta name=\"twitter:data1\" content=\"2 minutos\" \/>\n<script type=\"application\/ld+json\" class=\"yoast-schema-graph\">{\"@context\":\"https:\/\/schema.org\",\"@graph\":[{\"@type\":\"WebPage\",\"@id\":\"https:\/\/savanaunderwear.com\/product\/savana-varicocele-underwear-m07-sports-premium-mens-boxer-briefs-6-pack\/\",\"url\":\"https:\/\/savanaunderwear.com\/product\/savana-varicocele-underwear-m07-sports-premium-mens-boxer-briefs-6-pack\/\",\"name\":\"Savana Varicocele Underwear M07 Sports Premium Men's Boxer 6 Pack\",\"isPartOf\":{\"@id\":\"https:\/\/savanaunderwear.com\/#website\"},\"primaryImageOfPage\":{\"@id\":\"https:\/\/savanaunderwear.com\/product\/savana-varicocele-underwear-m07-sports-premium-mens-boxer-briefs-6-pack\/#primaryimage\"},\"image\":{\"@id\":\"https:\/\/savanaunderwear.com\/product\/savana-varicocele-underwear-m07-sports-premium-mens-boxer-briefs-6-pack\/#primaryimage\"},\"thumbnailUrl\":\"https:\/\/savanaunderwear.com\/wp-content\/uploads\/2024\/09\/savana-underwear-m07-6-pieces-new.jpg\",\"datePublished\":\"2024-09-11T01:14:55+00:00\",\"dateModified\":\"2026-02-06T12:28:14+00:00\",\"description\":\"Savana Varicocele Underwear M07 Sports Premium Men's Boxer Briefs Therapeutic Varicocele Boxershorts | Compressive | Breathable | Cooling\",\"breadcrumb\":{\"@id\":\"https:\/\/savanaunderwear.com\/product\/savana-varicocele-underwear-m07-sports-premium-mens-boxer-briefs-6-pack\/#breadcrumb\"},\"inLanguage\":\"es\",\"potentialAction\":[{\"@type\":\"ReadAction\",\"target\":[\"https:\/\/savanaunderwear.com\/product\/savana-varicocele-underwear-m07-sports-premium-mens-boxer-briefs-6-pack\/\"]}]},{\"@type\":\"ImageObject\",\"inLanguage\":\"es\",\"@id\":\"https:\/\/savanaunderwear.com\/product\/savana-varicocele-underwear-m07-sports-premium-mens-boxer-briefs-6-pack\/#primaryimage\",\"url\":\"https:\/\/savanaunderwear.com\/wp-content\/uploads\/2024\/09\/savana-underwear-m07-6-pieces-new.jpg\",\"contentUrl\":\"https:\/\/savanaunderwear.com\/wp-content\/uploads\/2024\/09\/savana-underwear-m07-6-pieces-new.jpg\",\"width\":1003,\"height\":841,\"caption\":\"savana-underwear-m07-6-pieces-new\"},{\"@type\":\"BreadcrumbList\",\"@id\":\"https:\/\/savanaunderwear.com\/product\/savana-varicocele-underwear-m07-sports-premium-mens-boxer-briefs-6-pack\/#breadcrumb\",\"itemListElement\":[{\"@type\":\"ListItem\",\"position\":1,\"name\":\"Home\",\"item\":\"https:\/\/savanaunderwear.com\/\"},{\"@type\":\"ListItem\",\"position\":2,\"name\":\"Shop\",\"item\":\"https:\/\/savanaunderwear.com\/shop\/\"},{\"@type\":\"ListItem\",\"position\":3,\"name\":\"Savana Varicocele Underwear M07 Sports Premium Men&#8217;s Boxer Shorts Micro Modal | Compressive | Breathable | Cooling | Ideal for Varicocele Grade 2+3 | 6-Pack\"}]},{\"@type\":\"WebSite\",\"@id\":\"https:\/\/savanaunderwear.com\/#website\",\"url\":\"https:\/\/savanaunderwear.com\/\",\"name\":\"Savana Underwear\",\"description\":\"Best Varicocele Underwear For Men\",\"publisher\":{\"@id\":\"https:\/\/savanaunderwear.com\/#organization\"},\"potentialAction\":[{\"@type\":\"SearchAction\",\"target\":{\"@type\":\"EntryPoint\",\"urlTemplate\":\"https:\/\/savanaunderwear.com\/?s={search_term_string}\"},\"query-input\":{\"@type\":\"PropertyValueSpecification\",\"valueRequired\":true,\"valueName\":\"search_term_string\"}}],\"inLanguage\":\"es\"},{\"@type\":\"Organization\",\"@id\":\"https:\/\/savanaunderwear.com\/#organization\",\"name\":\"Savana Underwear\",\"url\":\"https:\/\/savanaunderwear.com\/\",\"logo\":{\"@type\":\"ImageObject\",\"inLanguage\":\"es\",\"@id\":\"https:\/\/savanaunderwear.com\/#\/schema\/logo\/image\/\",\"url\":\"https:\/\/savanaunderwear.com\/wp-content\/uploads\/2024\/09\/cropped-Savana-Underwear-Logo-scaled-2.jpg\",\"contentUrl\":\"https:\/\/savanaunderwear.com\/wp-content\/uploads\/2024\/09\/cropped-Savana-Underwear-Logo-scaled-2.jpg\",\"width\":2560,\"height\":704,\"caption\":\"Savana Underwear\"},\"image\":{\"@id\":\"https:\/\/savanaunderwear.com\/#\/schema\/logo\/image\/\"},\"sameAs\":[\"https:\/\/www.facebook.com\/savanaunderwear\",\"https:\/\/www.instagram.com\/savanaunderwear\/\"]}]}<\/script>\n<!-- \/ Yoast SEO plugin. -->","yoast_head_json":{"title":"Savana Varicocele Underwear M07 Sports Premium Men's Boxer 6 Pack","description":"Savana Varicocele Underwear M07 Sports Premium Men's Boxer Briefs Therapeutic Varicocele Boxershorts | Compressive | Breathable | Cooling","robots":{"index":"index","follow":"follow","max-snippet":"max-snippet:-1","max-image-preview":"max-image-preview:large","max-video-preview":"max-video-preview:-1"},"canonical":"https:\/\/savanaunderwear.com\/es\/producto\/savana-varicocele-underwear-m07-sports-premium-mens-boxer-briefs-6-pack\/","og_locale":"es_ES","og_type":"article","og_title":"Savana Varicocele Underwear M07 Sports Premium Men's Boxer 6 Pack","og_description":"Savana Varicocele Underwear M07 Sports Premium Men's Boxer Briefs Therapeutic Varicocele Boxershorts | Compressive | Breathable | Cooling","og_url":"https:\/\/savanaunderwear.com\/es\/producto\/savana-varicocele-underwear-m07-sports-premium-mens-boxer-briefs-6-pack\/","og_site_name":"Savana Underwear","article_publisher":"https:\/\/www.facebook.com\/savanaunderwear","article_modified_time":"2026-02-06T12:28:14+00:00","og_image":[{"width":1003,"height":841,"url":"https:\/\/savanaunderwear.com\/wp-content\/uploads\/2024\/09\/savana-underwear-m07-6-pieces-new.jpg","type":"image\/jpeg"}],"twitter_card":"summary_large_image","twitter_misc":{"Tiempo de lectura":"2 minutos"},"schema":{"@context":"https:\/\/schema.org","@graph":[{"@type":"WebPage","@id":"https:\/\/savanaunderwear.com\/product\/savana-varicocele-underwear-m07-sports-premium-mens-boxer-briefs-6-pack\/","url":"https:\/\/savanaunderwear.com\/product\/savana-varicocele-underwear-m07-sports-premium-mens-boxer-briefs-6-pack\/","name":"Savana Varicocele Underwear M07 Sports Premium Men's Boxer 6 Pack","isPartOf":{"@id":"https:\/\/savanaunderwear.com\/#website"},"primaryImageOfPage":{"@id":"https:\/\/savanaunderwear.com\/product\/savana-varicocele-underwear-m07-sports-premium-mens-boxer-briefs-6-pack\/#primaryimage"},"image":{"@id":"https:\/\/savanaunderwear.com\/product\/savana-varicocele-underwear-m07-sports-premium-mens-boxer-briefs-6-pack\/#primaryimage"},"thumbnailUrl":"https:\/\/savanaunderwear.com\/wp-content\/uploads\/2024\/09\/savana-underwear-m07-6-pieces-new.jpg","datePublished":"2024-09-11T01:14:55+00:00","dateModified":"2026-02-06T12:28:14+00:00","description":"Savana Varicocele Underwear M07 Sports Premium Men's Boxer Briefs Therapeutic Varicocele Boxershorts | Compressive | Breathable | Cooling","breadcrumb":{"@id":"https:\/\/savanaunderwear.com\/product\/savana-varicocele-underwear-m07-sports-premium-mens-boxer-briefs-6-pack\/#breadcrumb"},"inLanguage":"es","potentialAction":[{"@type":"ReadAction","target":["https:\/\/savanaunderwear.com\/product\/savana-varicocele-underwear-m07-sports-premium-mens-boxer-briefs-6-pack\/"]}]},{"@type":"ImageObject","inLanguage":"es","@id":"https:\/\/savanaunderwear.com\/product\/savana-varicocele-underwear-m07-sports-premium-mens-boxer-briefs-6-pack\/#primaryimage","url":"https:\/\/savanaunderwear.com\/wp-content\/uploads\/2024\/09\/savana-underwear-m07-6-pieces-new.jpg","contentUrl":"https:\/\/savanaunderwear.com\/wp-content\/uploads\/2024\/09\/savana-underwear-m07-6-pieces-new.jpg","width":1003,"height":841,"caption":"savana-underwear-m07-6-pieces-new"},{"@type":"BreadcrumbList","@id":"https:\/\/savanaunderwear.com\/product\/savana-varicocele-underwear-m07-sports-premium-mens-boxer-briefs-6-pack\/#breadcrumb","itemListElement":[{"@type":"ListItem","position":1,"name":"Home","item":"https:\/\/savanaunderwear.com\/"},{"@type":"ListItem","position":2,"name":"Shop","item":"https:\/\/savanaunderwear.com\/shop\/"},{"@type":"ListItem","position":3,"name":"Savana Varicocele Underwear M07 Sports Premium Men&#8217;s Boxer Shorts Micro Modal | Compressive | Breathable | Cooling | Ideal for Varicocele Grade 2+3 | 6-Pack"}]},{"@type":"WebSite","@id":"https:\/\/savanaunderwear.com\/#website","url":"https:\/\/savanaunderwear.com\/","name":"Savana Underwear","description":"Best Varicocele Underwear For Men","publisher":{"@id":"https:\/\/savanaunderwear.com\/#organization"},"potentialAction":[{"@type":"SearchAction","target":{"@type":"EntryPoint","urlTemplate":"https:\/\/savanaunderwear.com\/?s={search_term_string}"},"query-input":{"@type":"PropertyValueSpecification","valueRequired":true,"valueName":"search_term_string"}}],"inLanguage":"es"},{"@type":"Organization","@id":"https:\/\/savanaunderwear.com\/#organization","name":"Savana Underwear","url":"https:\/\/savanaunderwear.com\/","logo":{"@type":"ImageObject","inLanguage":"es","@id":"https:\/\/savanaunderwear.com\/#\/schema\/logo\/image\/","url":"https:\/\/savanaunderwear.com\/wp-content\/uploads\/2024\/09\/cropped-Savana-Underwear-Logo-scaled-2.jpg","contentUrl":"https:\/\/savanaunderwear.com\/wp-content\/uploads\/2024\/09\/cropped-Savana-Underwear-Logo-scaled-2.jpg","width":2560,"height":704,"caption":"Savana Underwear"},"image":{"@id":"https:\/\/savanaunderwear.com\/#\/schema\/logo\/image\/"},"sameAs":["https:\/\/www.facebook.com\/savanaunderwear","https:\/\/www.instagram.com\/savanaunderwear\/"]}]}},"jetpack_sharing_enabled":true,"_links":{"self":[{"href":"https:\/\/savanaunderwear.com\/es\/wp-json\/wp\/v2\/product\/284","targetHints":{"allow":["GET"]}}],"collection":[{"href":"https:\/\/savanaunderwear.com\/es\/wp-json\/wp\/v2\/product"}],"about":[{"href":"https:\/\/savanaunderwear.com\/es\/wp-json\/wp\/v2\/types\/product"}],"wp:featuredmedia":[{"embeddable":true,"href":"https:\/\/savanaunderwear.com\/es\/wp-json\/wp\/v2\/media\/296"}],"wp:attachment":[{"href":"https:\/\/savanaunderwear.com\/es\/wp-json\/wp\/v2\/media?parent=284"}],"wp:term":[{"taxonomy":"product_brand","embeddable":true,"href":"https:\/\/savanaunderwear.com\/es\/wp-json\/wp\/v2\/product_brand?post=284"},{"taxonomy":"product_cat","embeddable":true,"href":"https:\/\/savanaunderwear.com\/es\/wp-json\/wp\/v2\/product_cat?post=284"},{"taxonomy":"product_tag","embeddable":true,"href":"https:\/\/savanaunderwear.com\/es\/wp-json\/wp\/v2\/product_tag?post=284"}],"curies":[{"name":"wp","href":"https:\/\/api.w.org\/{rel}","templated":true}]}}