{"id":2221,"date":"2025-10-07T03:41:20","date_gmt":"2025-10-07T01:41:20","guid":{"rendered":"https:\/\/savanaunderwear.com\/?post_type=product&#038;p=2221"},"modified":"2026-04-18T12:20:40","modified_gmt":"2026-04-18T10:20:40","slug":"savana-varicocele-underwear-m02-comfort-premium-mens-boxer-shorts-micro-modal-compressive-breathable-cooling-ideal-for-varicocele-grade-12-3-pack-monthly","status":"publish","type":"product","link":"https:\/\/savanaunderwear.com\/de\/produkt\/savana-varicocele-unterwasche-m02-comfort-premium-mens-boxer-briefs-3-pack-monatlich\/","title":{"rendered":"Savana Varikozele Unterw\u00e4sche M02 Comfort Premium Herren Boxershorts Micro Modal | Komprimierend | Atmungsaktiv | K\u00fchlend | Ideal bei Varikozele Grad 1+2 | 3er-Pack | Monatlich"},"content":{"rendered":"<h3>Savana Varicocele Unterw\u00e4sche M02 Komfort Premium M\u00e4nner Boxershorts neue Micro Modal Unterhosen Boxershorts M\u00e4nner 3er-Pack<\/h3>\n<ul>\n<li><strong>PERFEKTE PASSFORM:<\/strong> Die SAVANA Boxer Briefs sind von der physiologischen Struktur des Mannes inspiriert. Der ergonomische 3D-Schnitt und das MicroModal-Material sorgen f\u00fcr eine perfekte Passform und maximalen Komfort. Das Design l\u00e4sst Sie selbstbewusst und sexy aussehen.<\/li>\n<li><strong>ATMUNGSAKTIVES MATERIAL:<\/strong> Atmungsaktivit\u00e4t spielt bei M\u00e4nner-Boxershorts eine wichtige Rolle f\u00fcr Fruchtbarkeit und Testosteronspiegel. SAVANA Boxer Briefs bieten Ihnen diese Atmungsaktivit\u00e4t. Perfekt f\u00fcr den Alltag, Sport und zum Ausgehen.<\/li>\n<li><strong>BESTE QUALIT\u00c4T:<\/strong> Anstatt Ihnen einen Standard-Boxerslip anzubieten, haben wir volle 9 Monate damit verbracht, den SAVANA Boxerslip f\u00fcr Sie zu entwickeln und die besten Eigenschaften von \u00fcber 20 verschiedenen Unterw\u00e4schemodellen f\u00fcr Sie zu kombinieren.<\/li>\n<li><strong>EXTREM WEICH:<\/strong> Federleicht dank MicroModal, f\u00fchlt sich k\u00fchl auf der Haut an - und seidig auf der Haut. Optimiert f\u00fcr den Intimbereich des Mannes. Sorgt f\u00fcr ein frischeres, ges\u00fcnderes Gef\u00fchl und allgemeines Wohlbefinden.<\/li>\n<li><b>SYMPTOMFREI:<\/b> Der ergonomische 3D-Schnitt erzeugt eine leichte Kompression. Dadurch werden die \u00fcblichen V-Symptome reduziert. Besonders geeignet bei langem Stehen, Sport und abendlichem Ausgehen. Ideal geeignet f\u00fcr V-Schweregrad 1-3.<\/li>\n<li><b>VARIKOZELE-OPERATION:<\/b>\u00a0Perfekte Varikozele-Unterw\u00e4sche, um eine Operation zu vermeiden, aber auch eine bew\u00e4hrte L\u00f6sung f\u00fcr die Vorbereitung und Nachsorge eines Eingriffs. Bietet eine ideale Unterst\u00fctzung f\u00fcr die Genesung nach einer Varikozele-Operation und minimiert das Risiko eines erneuten Auftretens.<\/li>\n<li><strong>OHNE TICKETS ZU ZERKRATZEN:<\/strong> Der speziell angefertigte Artikelinfodruck auf der Innenseite vermeidet die \u00fcblichen Unannehmlichkeiten zwischen Haut und Etikett.<\/li>\n<\/ul>\n<p>&nbsp;<\/p>\n<p><strong>Gr\u00f6\u00dfentabelle<\/strong><\/p>\n<table style=\"height: 163px;\" width=\"312\">\n<tbody>\n<tr>\n<td style=\"text-align: center;\" width=\"65\">Gr\u00f6\u00dfe<\/td>\n<td style=\"text-align: center;\" width=\"103\">Taille in Zoll<\/td>\n<td style=\"text-align: center;\" width=\"105\">Taille in cm<\/td>\n<\/tr>\n<tr>\n<td style=\"text-align: center;\">S<\/td>\n<td style=\"text-align: center;\">28-30&#8243;<\/td>\n<td style=\"text-align: center;\">71-76cm<\/td>\n<\/tr>\n<tr>\n<td style=\"text-align: center;\">M<\/td>\n<td style=\"text-align: center;\">32-34&#8243;<\/td>\n<td style=\"text-align: center;\">81-86cm<\/td>\n<\/tr>\n<tr>\n<td style=\"text-align: center;\">L<\/td>\n<td style=\"text-align: center;\">36-38&#8243;<\/td>\n<td style=\"text-align: center;\">91-96cm<\/td>\n<\/tr>\n<tr>\n<td style=\"text-align: center;\">XL<\/td>\n<td style=\"text-align: center;\">40-42&#8243;<\/td>\n<td style=\"text-align: center;\" width=\"105\">101-106cm<\/td>\n<\/tr>\n<tr>\n<td style=\"text-align: center;\">XXL<\/td>\n<td style=\"text-align: center;\">44-46&#8243;<\/td>\n<td style=\"text-align: center;\">111-116cm<\/td>\n<\/tr>\n<\/tbody>\n<\/table>\n<p>&nbsp;<\/p>\n<p><strong>Versand:<\/strong> 1-2 Arbeitstage nach Auftragsbest\u00e4tigung.<\/p>\n<p><strong>Akzeptierte Zahlungsarten:<\/strong> Stripe, Kreditkarte, PayPal, Apple &amp; Google Pay.<\/p>\n<p><a href=\"https:\/\/savanaunderwear.com\/de\/lieferzeiten\/\" target=\"_blank\" rel=\"noopener\"><strong>Versandzeiten<\/strong><\/a><\/p>\n<p><strong>Vertrauensw\u00fcrdiger Amazon-Verk\u00e4ufer<\/strong><\/p>\n<div data-src=\"https:\/\/cdn.trustindex.io\/loader.js?41da870331e70331c516cc41092\"><\/div>\n<div id=\"gtx-trans\" style=\"position: absolute; left: 999px; top: 289.516px;\">\n<div class=\"gtx-trans-icon\"><\/div>\n<\/div>","protected":false},"excerpt":{"rendered":"<h3 data-start=\"236\" data-end=\"279\">\ud83d\udc8e Savana Treueprogramm\ud83d\udc8e<\/h3>\n<p data-start=\"743\" data-end=\"860\"><em data-start=\"778\" data-end=\"858\">Nur f\u00fcr Kunden, die Savana kennen und seinen wahren Wert zu sch\u00e4tzen wissen.<\/em><\/p>\n<h3 data-start=\"236\" data-end=\"279\"><strong data-start=\"243\" data-end=\"279\">Abonnieren &amp; Sparen \u2013 Ihre Vorteile<\/strong><\/h3>\n<p data-start=\"280\" data-end=\"555\">\u2705 <strong data-start=\"282\" data-end=\"306\">Sparen Sie jeden Monat 30%<\/strong> \u2013 Bestpreisgarantie<br data-start=\"330\" data-end=\"333\" \/>\u2705 <strong data-start=\"335\" data-end=\"356\">Priorit\u00e4rer Versand<\/strong> \u2013 Ihre Bestellung wird zuerst verpackt<br data-start=\"387\" data-end=\"390\" \/>\u2705 <strong data-start=\"392\" data-end=\"419\">Jederzeit \u00e4ndern oder pausieren<\/strong> \u2013 Volle Flexibilit\u00e4t<br data-start=\"438\" data-end=\"441\" \/>\u2705 <strong data-start=\"443\" data-end=\"467\">Nie wieder leer ausgehen<\/strong>\u00a0\u2013 Immer p\u00fcnktlich erhalten<br data-start=\"489\" data-end=\"492\" \/>\u2705 <strong data-start=\"494\" data-end=\"518\">Schnelle und einfache Kaufabwicklung<\/strong> \u2013 Versanddetails gespeichert<\/p>\n<hr \/>\n<p><strong>LIEFERZEIT:<\/strong> 2-3 Werktage nach Auftragsbest\u00e4tigung.<\/p>\n<p><span style=\"color: #339966;\"><strong>DHL Tracking-Nummer wird zur Verf\u00fcgung gestellt werden.<\/strong><\/span><\/p>\n<div id=\"gtx-trans\" style=\"position: absolute; left: -20px; top: 345.516px;\">\n<div class=\"gtx-trans-icon\"><\/div>\n<\/div>","protected":false},"featured_media":331,"template":"","meta":{"ocean_post_layout":"full-width","ocean_both_sidebars_style":"","ocean_both_sidebars_content_width":0,"ocean_both_sidebars_sidebars_width":0,"ocean_sidebar":"0","ocean_second_sidebar":"0","ocean_disable_margins":"enable","ocean_add_body_class":"","ocean_shortcode_before_top_bar":"","ocean_shortcode_after_top_bar":"","ocean_shortcode_before_header":"","ocean_shortcode_after_header":"","ocean_has_shortcode":"","ocean_shortcode_after_title":"","ocean_shortcode_before_footer_widgets":"","ocean_shortcode_after_footer_widgets":"","ocean_shortcode_before_footer_bottom":"","ocean_shortcode_after_footer_bottom":"","ocean_display_top_bar":"default","ocean_display_header":"default","ocean_header_style":"","ocean_center_header_left_menu":"0","ocean_custom_header_template":"0","ocean_custom_logo":0,"ocean_custom_retina_logo":0,"ocean_custom_logo_max_width":0,"ocean_custom_logo_tablet_max_width":0,"ocean_custom_logo_mobile_max_width":0,"ocean_custom_logo_max_height":0,"ocean_custom_logo_tablet_max_height":0,"ocean_custom_logo_mobile_max_height":0,"ocean_header_custom_menu":"0","ocean_menu_typo_font_family":"0","ocean_menu_typo_font_subset":"","ocean_menu_typo_font_size":0,"ocean_menu_typo_font_size_tablet":0,"ocean_menu_typo_font_size_mobile":0,"ocean_menu_typo_font_size_unit":"px","ocean_menu_typo_font_weight":"","ocean_menu_typo_font_weight_tablet":"","ocean_menu_typo_font_weight_mobile":"","ocean_menu_typo_transform":"","ocean_menu_typo_transform_tablet":"","ocean_menu_typo_transform_mobile":"","ocean_menu_typo_line_height":0,"ocean_menu_typo_line_height_tablet":0,"ocean_menu_typo_line_height_mobile":0,"ocean_menu_typo_line_height_unit":"","ocean_menu_typo_spacing":0,"ocean_menu_typo_spacing_tablet":0,"ocean_menu_typo_spacing_mobile":0,"ocean_menu_typo_spacing_unit":"","ocean_menu_link_color":"","ocean_menu_link_color_hover":"","ocean_menu_link_color_active":"","ocean_menu_link_background":"","ocean_menu_link_hover_background":"","ocean_menu_link_active_background":"","ocean_menu_social_links_bg":"","ocean_menu_social_hover_links_bg":"","ocean_menu_social_links_color":"","ocean_menu_social_hover_links_color":"","ocean_disable_title":"on","ocean_disable_heading":"default","ocean_post_title":"","ocean_post_subheading":"","ocean_post_title_style":"","ocean_post_title_background_color":"","ocean_post_title_background":0,"ocean_post_title_bg_image_position":"","ocean_post_title_bg_image_attachment":"","ocean_post_title_bg_image_repeat":"","ocean_post_title_bg_image_size":"","ocean_post_title_height":0,"ocean_post_title_bg_overlay":0.5,"ocean_post_title_bg_overlay_color":"","ocean_disable_breadcrumbs":"default","ocean_breadcrumbs_color":"","ocean_breadcrumbs_separator_color":"","ocean_breadcrumbs_links_color":"","ocean_breadcrumbs_links_hover_color":"","ocean_display_footer_widgets":"default","ocean_display_footer_bottom":"default","ocean_custom_footer_template":"0"},"product_brand":[],"product_cat":[28,29,26],"product_tag":[],"class_list":{"0":"post-2221","1":"product","2":"type-product","3":"status-publish","4":"has-post-thumbnail","6":"product_cat-varicocele-boxer-briefs-2","7":"product_cat-varicocele-boxer-shorts","8":"product_cat-varicocele-underwear","9":"product_shipping_class-monthly","11":"entry","12":"has-media","14":"first","15":"instock","16":"sale","17":"shipping-taxable","18":"purchasable","19":"product-type-variable-subscription","20":"has-product-nav","21":"col","22":"span_1_of_4","23":"owp-content-center","24":"owp-thumbs-layout-horizontal","25":"owp-btn-normal","26":"owp-tabs-layout-horizontal"},"group_of_quantity":0,"min_quantity":0,"max_quantity":6,"exclude_order_quantity_value_rules":"no","exclude_category_quantity_rules":"no","combine_variations":"no","yoast_head":"<!-- This site is optimized with the Yoast SEO plugin v27.4 - https:\/\/yoast.com\/product\/yoast-seo-wordpress\/ -->\n<title>Savana Varicocele Underwear M02 Comfort Premium Men&#039;s Boxer 3 Pack<\/title>\n<meta name=\"description\" content=\"Savana Varicocele Underwear M02 Comfort Premium Men&#039;s Boxer Briefs Therapeutic Varicocele Boxershorts | Comfortable | Cool | Compressing\" \/>\n<meta name=\"robots\" content=\"index, follow, max-snippet:-1, max-image-preview:large, max-video-preview:-1\" \/>\n<link rel=\"canonical\" href=\"https:\/\/savanaunderwear.com\/de\/produkt\/savana-varicocele-unterwasche-m02-comfort-premium-mens-boxer-briefs-3-pack-monatlich\/\" \/>\n<meta property=\"og:locale\" content=\"de_DE\" \/>\n<meta property=\"og:type\" content=\"article\" \/>\n<meta property=\"og:title\" content=\"Savana Varicocele Underwear M02 Comfort Premium Men&#039;s Boxer 3 Pack\" \/>\n<meta property=\"og:description\" content=\"Savana Varicocele Underwear M02 Comfort Premium Men&#039;s Boxer Briefs Therapeutic Varicocele Boxershorts | Comfortable | Cool | Compressing\" \/>\n<meta property=\"og:url\" content=\"https:\/\/savanaunderwear.com\/de\/produkt\/savana-varicocele-unterwasche-m02-comfort-premium-mens-boxer-briefs-3-pack-monatlich\/\" \/>\n<meta property=\"og:site_name\" content=\"Savana Underwear\" \/>\n<meta property=\"article:publisher\" content=\"https:\/\/www.facebook.com\/savanaunderwear\" \/>\n<meta property=\"article:modified_time\" content=\"2026-04-18T10:20:40+00:00\" \/>\n<meta property=\"og:image\" content=\"https:\/\/savanaunderwear.com\/wp-content\/uploads\/2024\/09\/savana-m02-comfort-multipack-3-pack-3000-scaled-1.jpg\" \/>\n\t<meta property=\"og:image:width\" content=\"2560\" \/>\n\t<meta property=\"og:image:height\" content=\"2146\" \/>\n\t<meta property=\"og:image:type\" content=\"image\/jpeg\" \/>\n<meta name=\"twitter:card\" content=\"summary_large_image\" \/>\n<meta name=\"twitter:label1\" content=\"Gesch\u00e4tzte Lesezeit\" \/>\n\t<meta name=\"twitter:data1\" content=\"2\u00a0Minuten\" \/>\n<script type=\"application\/ld+json\" class=\"yoast-schema-graph\">{\"@context\":\"https:\\\/\\\/schema.org\",\"@graph\":[{\"@type\":\"WebPage\",\"@id\":\"https:\\\/\\\/savanaunderwear.com\\\/product\\\/savana-varicocele-underwear-m02-comfort-premium-mens-boxer-shorts-micro-modal-compressive-breathable-cooling-ideal-for-varicocele-grade-12-3-pack-monthly\\\/\",\"url\":\"https:\\\/\\\/savanaunderwear.com\\\/product\\\/savana-varicocele-underwear-m02-comfort-premium-mens-boxer-shorts-micro-modal-compressive-breathable-cooling-ideal-for-varicocele-grade-12-3-pack-monthly\\\/\",\"name\":\"Savana Varicocele Underwear M02 Comfort Premium Men's Boxer 3 Pack\",\"isPartOf\":{\"@id\":\"https:\\\/\\\/savanaunderwear.com\\\/#website\"},\"primaryImageOfPage\":{\"@id\":\"https:\\\/\\\/savanaunderwear.com\\\/product\\\/savana-varicocele-underwear-m02-comfort-premium-mens-boxer-shorts-micro-modal-compressive-breathable-cooling-ideal-for-varicocele-grade-12-3-pack-monthly\\\/#primaryimage\"},\"image\":{\"@id\":\"https:\\\/\\\/savanaunderwear.com\\\/product\\\/savana-varicocele-underwear-m02-comfort-premium-mens-boxer-shorts-micro-modal-compressive-breathable-cooling-ideal-for-varicocele-grade-12-3-pack-monthly\\\/#primaryimage\"},\"thumbnailUrl\":\"https:\\\/\\\/savanaunderwear.com\\\/wp-content\\\/uploads\\\/2024\\\/09\\\/savana-m02-comfort-multipack-3-pack-3000-scaled-1.jpg\",\"datePublished\":\"2025-10-07T01:41:20+00:00\",\"dateModified\":\"2026-04-18T10:20:40+00:00\",\"description\":\"Savana Varicocele Underwear M02 Comfort Premium Men's Boxer Briefs Therapeutic Varicocele Boxershorts | Comfortable | Cool | Compressing\",\"breadcrumb\":{\"@id\":\"https:\\\/\\\/savanaunderwear.com\\\/product\\\/savana-varicocele-underwear-m02-comfort-premium-mens-boxer-shorts-micro-modal-compressive-breathable-cooling-ideal-for-varicocele-grade-12-3-pack-monthly\\\/#breadcrumb\"},\"inLanguage\":\"de\",\"potentialAction\":[{\"@type\":\"ReadAction\",\"target\":[\"https:\\\/\\\/savanaunderwear.com\\\/product\\\/savana-varicocele-underwear-m02-comfort-premium-mens-boxer-shorts-micro-modal-compressive-breathable-cooling-ideal-for-varicocele-grade-12-3-pack-monthly\\\/\"]}]},{\"@type\":\"ImageObject\",\"inLanguage\":\"de\",\"@id\":\"https:\\\/\\\/savanaunderwear.com\\\/product\\\/savana-varicocele-underwear-m02-comfort-premium-mens-boxer-shorts-micro-modal-compressive-breathable-cooling-ideal-for-varicocele-grade-12-3-pack-monthly\\\/#primaryimage\",\"url\":\"https:\\\/\\\/savanaunderwear.com\\\/wp-content\\\/uploads\\\/2024\\\/09\\\/savana-m02-comfort-multipack-3-pack-3000-scaled-1.jpg\",\"contentUrl\":\"https:\\\/\\\/savanaunderwear.com\\\/wp-content\\\/uploads\\\/2024\\\/09\\\/savana-m02-comfort-multipack-3-pack-3000-scaled-1.jpg\",\"width\":2560,\"height\":2146,\"caption\":\"savana-m02-comfort-multipack-3-pack-3000-scaled\"},{\"@type\":\"BreadcrumbList\",\"@id\":\"https:\\\/\\\/savanaunderwear.com\\\/product\\\/savana-varicocele-underwear-m02-comfort-premium-mens-boxer-shorts-micro-modal-compressive-breathable-cooling-ideal-for-varicocele-grade-12-3-pack-monthly\\\/#breadcrumb\",\"itemListElement\":[{\"@type\":\"ListItem\",\"position\":1,\"name\":\"Home\",\"item\":\"https:\\\/\\\/savanaunderwear.com\\\/\"},{\"@type\":\"ListItem\",\"position\":2,\"name\":\"Shop\",\"item\":\"https:\\\/\\\/savanaunderwear.com\\\/shop\\\/\"},{\"@type\":\"ListItem\",\"position\":3,\"name\":\"Savana Varicocele Underwear M02 Comfort Premium Men&#8217;s Boxer Shorts Micro Modal | Compressive | Breathable | Cooling | Ideal for Varicocele Grade 1+2 | 3-Pack | Monthly\"}]},{\"@type\":\"WebSite\",\"@id\":\"https:\\\/\\\/savanaunderwear.com\\\/#website\",\"url\":\"https:\\\/\\\/savanaunderwear.com\\\/\",\"name\":\"Savana Underwear\",\"description\":\"Best Varicocele Underwear For Men\",\"publisher\":{\"@id\":\"https:\\\/\\\/savanaunderwear.com\\\/#organization\"},\"potentialAction\":[{\"@type\":\"SearchAction\",\"target\":{\"@type\":\"EntryPoint\",\"urlTemplate\":\"https:\\\/\\\/savanaunderwear.com\\\/?s={search_term_string}\"},\"query-input\":{\"@type\":\"PropertyValueSpecification\",\"valueRequired\":true,\"valueName\":\"search_term_string\"}}],\"inLanguage\":\"de\"},{\"@type\":\"Organization\",\"@id\":\"https:\\\/\\\/savanaunderwear.com\\\/#organization\",\"name\":\"Savana Underwear\",\"url\":\"https:\\\/\\\/savanaunderwear.com\\\/\",\"logo\":{\"@type\":\"ImageObject\",\"inLanguage\":\"de\",\"@id\":\"https:\\\/\\\/savanaunderwear.com\\\/#\\\/schema\\\/logo\\\/image\\\/\",\"url\":\"https:\\\/\\\/savanaunderwear.com\\\/wp-content\\\/uploads\\\/2024\\\/09\\\/cropped-Savana-Underwear-Logo-scaled-2.jpg\",\"contentUrl\":\"https:\\\/\\\/savanaunderwear.com\\\/wp-content\\\/uploads\\\/2024\\\/09\\\/cropped-Savana-Underwear-Logo-scaled-2.jpg\",\"width\":2560,\"height\":704,\"caption\":\"Savana Underwear\"},\"image\":{\"@id\":\"https:\\\/\\\/savanaunderwear.com\\\/#\\\/schema\\\/logo\\\/image\\\/\"},\"sameAs\":[\"https:\\\/\\\/www.facebook.com\\\/savanaunderwear\",\"https:\\\/\\\/www.instagram.com\\\/savanaunderwear\\\/\"]}]}<\/script>\n<!-- \/ Yoast SEO plugin. -->","yoast_head_json":{"title":"Savana Varicocele Underwear M02 Comfort Premium Men's Boxer 3 Pack","description":"Savana Varicocele Underwear M02 Comfort Premium Men's Boxer Briefs Therapeutic Varicocele Boxershorts | Comfortable | Cool | Compressing","robots":{"index":"index","follow":"follow","max-snippet":"max-snippet:-1","max-image-preview":"max-image-preview:large","max-video-preview":"max-video-preview:-1"},"canonical":"https:\/\/savanaunderwear.com\/de\/produkt\/savana-varicocele-unterwasche-m02-comfort-premium-mens-boxer-briefs-3-pack-monatlich\/","og_locale":"de_DE","og_type":"article","og_title":"Savana Varicocele Underwear M02 Comfort Premium Men's Boxer 3 Pack","og_description":"Savana Varicocele Underwear M02 Comfort Premium Men's Boxer Briefs Therapeutic Varicocele Boxershorts | Comfortable | Cool | Compressing","og_url":"https:\/\/savanaunderwear.com\/de\/produkt\/savana-varicocele-unterwasche-m02-comfort-premium-mens-boxer-briefs-3-pack-monatlich\/","og_site_name":"Savana Underwear","article_publisher":"https:\/\/www.facebook.com\/savanaunderwear","article_modified_time":"2026-04-18T10:20:40+00:00","og_image":[{"width":2560,"height":2146,"url":"https:\/\/savanaunderwear.com\/wp-content\/uploads\/2024\/09\/savana-m02-comfort-multipack-3-pack-3000-scaled-1.jpg","type":"image\/jpeg"}],"twitter_card":"summary_large_image","twitter_misc":{"Gesch\u00e4tzte Lesezeit":"2\u00a0Minuten"},"schema":{"@context":"https:\/\/schema.org","@graph":[{"@type":"WebPage","@id":"https:\/\/savanaunderwear.com\/product\/savana-varicocele-underwear-m02-comfort-premium-mens-boxer-shorts-micro-modal-compressive-breathable-cooling-ideal-for-varicocele-grade-12-3-pack-monthly\/","url":"https:\/\/savanaunderwear.com\/product\/savana-varicocele-underwear-m02-comfort-premium-mens-boxer-shorts-micro-modal-compressive-breathable-cooling-ideal-for-varicocele-grade-12-3-pack-monthly\/","name":"Savana Varicocele Underwear M02 Comfort Premium Men's Boxer 3 Pack","isPartOf":{"@id":"https:\/\/savanaunderwear.com\/#website"},"primaryImageOfPage":{"@id":"https:\/\/savanaunderwear.com\/product\/savana-varicocele-underwear-m02-comfort-premium-mens-boxer-shorts-micro-modal-compressive-breathable-cooling-ideal-for-varicocele-grade-12-3-pack-monthly\/#primaryimage"},"image":{"@id":"https:\/\/savanaunderwear.com\/product\/savana-varicocele-underwear-m02-comfort-premium-mens-boxer-shorts-micro-modal-compressive-breathable-cooling-ideal-for-varicocele-grade-12-3-pack-monthly\/#primaryimage"},"thumbnailUrl":"https:\/\/savanaunderwear.com\/wp-content\/uploads\/2024\/09\/savana-m02-comfort-multipack-3-pack-3000-scaled-1.jpg","datePublished":"2025-10-07T01:41:20+00:00","dateModified":"2026-04-18T10:20:40+00:00","description":"Savana Varicocele Underwear M02 Comfort Premium Men's Boxer Briefs Therapeutic Varicocele Boxershorts | Comfortable | Cool | Compressing","breadcrumb":{"@id":"https:\/\/savanaunderwear.com\/product\/savana-varicocele-underwear-m02-comfort-premium-mens-boxer-shorts-micro-modal-compressive-breathable-cooling-ideal-for-varicocele-grade-12-3-pack-monthly\/#breadcrumb"},"inLanguage":"de","potentialAction":[{"@type":"ReadAction","target":["https:\/\/savanaunderwear.com\/product\/savana-varicocele-underwear-m02-comfort-premium-mens-boxer-shorts-micro-modal-compressive-breathable-cooling-ideal-for-varicocele-grade-12-3-pack-monthly\/"]}]},{"@type":"ImageObject","inLanguage":"de","@id":"https:\/\/savanaunderwear.com\/product\/savana-varicocele-underwear-m02-comfort-premium-mens-boxer-shorts-micro-modal-compressive-breathable-cooling-ideal-for-varicocele-grade-12-3-pack-monthly\/#primaryimage","url":"https:\/\/savanaunderwear.com\/wp-content\/uploads\/2024\/09\/savana-m02-comfort-multipack-3-pack-3000-scaled-1.jpg","contentUrl":"https:\/\/savanaunderwear.com\/wp-content\/uploads\/2024\/09\/savana-m02-comfort-multipack-3-pack-3000-scaled-1.jpg","width":2560,"height":2146,"caption":"savana-m02-comfort-multipack-3-pack-3000-scaled"},{"@type":"BreadcrumbList","@id":"https:\/\/savanaunderwear.com\/product\/savana-varicocele-underwear-m02-comfort-premium-mens-boxer-shorts-micro-modal-compressive-breathable-cooling-ideal-for-varicocele-grade-12-3-pack-monthly\/#breadcrumb","itemListElement":[{"@type":"ListItem","position":1,"name":"Home","item":"https:\/\/savanaunderwear.com\/"},{"@type":"ListItem","position":2,"name":"Shop","item":"https:\/\/savanaunderwear.com\/shop\/"},{"@type":"ListItem","position":3,"name":"Savana Varicocele Underwear M02 Comfort Premium Men&#8217;s Boxer Shorts Micro Modal | Compressive | Breathable | Cooling | Ideal for Varicocele Grade 1+2 | 3-Pack | Monthly"}]},{"@type":"WebSite","@id":"https:\/\/savanaunderwear.com\/#website","url":"https:\/\/savanaunderwear.com\/","name":"Savana Underwear","description":"Best Varicocele Underwear For Men","publisher":{"@id":"https:\/\/savanaunderwear.com\/#organization"},"potentialAction":[{"@type":"SearchAction","target":{"@type":"EntryPoint","urlTemplate":"https:\/\/savanaunderwear.com\/?s={search_term_string}"},"query-input":{"@type":"PropertyValueSpecification","valueRequired":true,"valueName":"search_term_string"}}],"inLanguage":"de"},{"@type":"Organization","@id":"https:\/\/savanaunderwear.com\/#organization","name":"Savana Underwear","url":"https:\/\/savanaunderwear.com\/","logo":{"@type":"ImageObject","inLanguage":"de","@id":"https:\/\/savanaunderwear.com\/#\/schema\/logo\/image\/","url":"https:\/\/savanaunderwear.com\/wp-content\/uploads\/2024\/09\/cropped-Savana-Underwear-Logo-scaled-2.jpg","contentUrl":"https:\/\/savanaunderwear.com\/wp-content\/uploads\/2024\/09\/cropped-Savana-Underwear-Logo-scaled-2.jpg","width":2560,"height":704,"caption":"Savana Underwear"},"image":{"@id":"https:\/\/savanaunderwear.com\/#\/schema\/logo\/image\/"},"sameAs":["https:\/\/www.facebook.com\/savanaunderwear","https:\/\/www.instagram.com\/savanaunderwear\/"]}]}},"jetpack_sharing_enabled":true,"_links":{"self":[{"href":"https:\/\/savanaunderwear.com\/de\/wp-json\/wp\/v2\/product\/2221","targetHints":{"allow":["GET"]}}],"collection":[{"href":"https:\/\/savanaunderwear.com\/de\/wp-json\/wp\/v2\/product"}],"about":[{"href":"https:\/\/savanaunderwear.com\/de\/wp-json\/wp\/v2\/types\/product"}],"wp:featuredmedia":[{"embeddable":true,"href":"https:\/\/savanaunderwear.com\/de\/wp-json\/wp\/v2\/media\/331"}],"wp:attachment":[{"href":"https:\/\/savanaunderwear.com\/de\/wp-json\/wp\/v2\/media?parent=2221"}],"wp:term":[{"taxonomy":"product_brand","embeddable":true,"href":"https:\/\/savanaunderwear.com\/de\/wp-json\/wp\/v2\/product_brand?post=2221"},{"taxonomy":"product_cat","embeddable":true,"href":"https:\/\/savanaunderwear.com\/de\/wp-json\/wp\/v2\/product_cat?post=2221"},{"taxonomy":"product_tag","embeddable":true,"href":"https:\/\/savanaunderwear.com\/de\/wp-json\/wp\/v2\/product_tag?post=2221"}],"curies":[{"name":"wp","href":"https:\/\/api.w.org\/{rel}","templated":true}]}}